{"id":2067,"date":"2025-02-16T21:03:11","date_gmt":"2025-02-17T02:03:11","guid":{"rendered":"https:\/\/amvsa.com\/web\/?page_id=2067"},"modified":"2025-02-16T21:29:29","modified_gmt":"2025-02-17T02:29:29","slug":"sagrilaft","status":"publish","type":"page","link":"https:\/\/amvsa.com\/web\/sagrilaft","title":{"rendered":"SAGRILAFT"},"content":{"rendered":"\t\t<div data-elementor-type=\"wp-page\" data-elementor-id=\"2067\" class=\"elementor elementor-2067\" data-elementor-post-type=\"page\">\n\t\t\t\t<div class=\"elementor-element elementor-element-705f5f7 animated-slow e-flex e-con-boxed elementor-invisible e-con e-parent\" data-id=\"705f5f7\" data-element_type=\"container\" data-settings=\"{&quot;background_background&quot;:&quot;slideshow&quot;,&quot;jet_parallax_layout_list&quot;:[],&quot;animation&quot;:&quot;slideInDown&quot;,&quot;animation_delay&quot;:200,&quot;background_slideshow_gallery&quot;:[],&quot;background_slideshow_loop&quot;:&quot;yes&quot;,&quot;background_slideshow_slide_duration&quot;:5000,&quot;background_slideshow_slide_transition&quot;:&quot;fade&quot;,&quot;background_slideshow_transition_duration&quot;:500}\">\n\t\t\t\t\t<div class=\"e-con-inner\">\n\t\t<div class=\"elementor-element elementor-element-fe928d3 e-con-full e-flex e-con e-child\" data-id=\"fe928d3\" data-element_type=\"container\" data-settings=\"{&quot;background_background&quot;:&quot;slideshow&quot;,&quot;background_slideshow_gallery&quot;:[{&quot;id&quot;:2097,&quot;url&quot;:&quot;https:\\\/\\\/amvsa.com\\\/web\\\/wp-content\\\/uploads\\\/2025\\\/02\\\/SAGRILAFT.png&quot;}],&quot;jet_parallax_layout_list&quot;:[],&quot;background_slideshow_loop&quot;:&quot;yes&quot;,&quot;background_slideshow_slide_duration&quot;:5000,&quot;background_slideshow_slide_transition&quot;:&quot;fade&quot;,&quot;background_slideshow_transition_duration&quot;:500}\">\n\t\t\t\t<div class=\"elementor-element elementor-element-8ea56a0 elementor-widget elementor-widget-jet-headline\" data-id=\"8ea56a0\" data-element_type=\"widget\" data-widget_type=\"jet-headline.default\">\n\t\t\t\t<div class=\"elementor-widget-container\">\n\t\t\t\t\t<h1 class=\"jet-headline jet-headline--direction-horizontal\"><span class=\"jet-headline__part jet-headline__first\"><span class=\"jet-headline__label\">POL\u00cdTICAS<\/span><\/span><span class=\"jet-headline__space\">&nbsp;<\/span><span class=\"jet-headline__part jet-headline__second\"><span class=\"jet-headline__label\">AMV<\/span><\/span><\/h1>\t\t\t\t<\/div>\n\t\t\t\t<\/div>\n\t\t\t\t<\/div>\n\t\t\t\t\t<\/div>\n\t\t\t\t<\/div>\n\t\t<div class=\"elementor-element elementor-element-d647a0c animated-slow elementor-hidden-mobile e-flex e-con-boxed elementor-invisible e-con e-parent\" data-id=\"d647a0c\" data-element_type=\"container\" data-settings=\"{&quot;jet_parallax_layout_list&quot;:[],&quot;background_background&quot;:&quot;classic&quot;,&quot;animation&quot;:&quot;slideInDown&quot;}\">\n\t\t\t\t\t<div class=\"e-con-inner\">\n\t\t<div class=\"elementor-element elementor-element-fc69c43 e-con-full e-flex e-con e-child\" data-id=\"fc69c43\" data-element_type=\"container\" data-settings=\"{&quot;jet_parallax_layout_list&quot;:[]}\">\n\t\t\t\t<div class=\"elementor-element elementor-element-ffe6a9a elementor-widget elementor-widget-breadcrumbs\" data-id=\"ffe6a9a\" data-element_type=\"widget\" data-widget_type=\"breadcrumbs.default\">\n\t\t\t\t<div class=\"elementor-widget-container\">\n\t\t\t\t\t<nav id=\"breadcrumbs\"><span><span><a href=\"https:\/\/amvsa.com\/web\/\">Inicio<\/a><\/span><\/span><\/nav>\t\t\t\t<\/div>\n\t\t\t\t<\/div>\n\t\t\t\t<\/div>\n\t\t\t\t\t<\/div>\n\t\t\t\t<\/div>\n\t\t<div class=\"elementor-element elementor-element-4b2215a animated-slow e-flex e-con-boxed elementor-invisible e-con e-parent\" data-id=\"4b2215a\" data-element_type=\"container\" data-settings=\"{&quot;jet_parallax_layout_list&quot;:[],&quot;animation&quot;:&quot;slideInDown&quot;,&quot;animation_delay&quot;:1400,&quot;background_background&quot;:&quot;classic&quot;}\">\n\t\t\t\t\t<div class=\"e-con-inner\">\n\t\t<div class=\"elementor-element elementor-element-f864310 e-con-full e-flex e-con e-child\" data-id=\"f864310\" data-element_type=\"container\" data-settings=\"{&quot;background_background&quot;:&quot;classic&quot;,&quot;jet_parallax_layout_list&quot;:[]}\">\n\t\t\t\t<div class=\"elementor-element elementor-element-6a3f79b elementor-widget elementor-widget-heading\" data-id=\"6a3f79b\" data-element_type=\"widget\" data-widget_type=\"heading.default\">\n\t\t\t\t<div class=\"elementor-widget-container\">\n\t\t\t\t\t<h2 class=\"elementor-heading-title elementor-size-default\">Pol\u00edticas <\/h2>\t\t\t\t<\/div>\n\t\t\t\t<\/div>\n\t\t\t\t<div class=\"elementor-element elementor-element-101a8f0 elementor-widget elementor-widget-heading\" data-id=\"101a8f0\" data-element_type=\"widget\" data-widget_type=\"heading.default\">\n\t\t\t\t<div class=\"elementor-widget-container\">\n\t\t\t\t\t<h2 class=\"elementor-heading-title elementor-size-default\">SAGRILAFT<\/h2>\t\t\t\t<\/div>\n\t\t\t\t<\/div>\n\t\t\t\t<\/div>\n\t\t<div class=\"elementor-element elementor-element-bb0fd15 e-con-full e-flex e-con e-child\" data-id=\"bb0fd15\" data-element_type=\"container\" data-settings=\"{&quot;background_background&quot;:&quot;classic&quot;,&quot;jet_parallax_layout_list&quot;:[]}\">\n\t\t\t\t<\/div>\n\t\t\t\t\t<\/div>\n\t\t\t\t<\/div>\n\t\t<div class=\"elementor-element elementor-element-292651b animated-slow e-flex e-con-boxed elementor-invisible e-con e-parent\" data-id=\"292651b\" data-element_type=\"container\" data-settings=\"{&quot;jet_parallax_layout_list&quot;:[],&quot;animation&quot;:&quot;fadeInUp&quot;}\">\n\t\t\t\t\t<div class=\"e-con-inner\">\n\t\t\t\t<div class=\"elementor-element elementor-element-13f9913 elementor-widget elementor-widget-shortcode\" data-id=\"13f9913\" data-element_type=\"widget\" data-widget_type=\"shortcode.default\">\n\t\t\t\t<div class=\"elementor-widget-container\">\n\t\t\t\t\t\t\t<div class=\"elementor-shortcode\"><div class=\"_df_book df-lite\" id=\"df_2074\"  _slug=\"politicas-sagrilaft-amv\" data-title=\"politicas-sagrilaft-amv\" wpoptions=\"true\" thumbtype=\"\" ><\/div><script class=\"df-shortcode-script\" nowprocket type=\"application\/javascript\">window.option_df_2074 = {\"outline\":[],\"autoEnableOutline\":\"false\",\"autoEnableThumbnail\":\"false\",\"overwritePDFOutline\":\"false\",\"direction\":\"1\",\"pageSize\":\"0\",\"source\":\"https:\\\/\\\/amvsa.com\\\/web\\\/wp-content\\\/uploads\\\/2025\\\/02\\\/Politicas-SAGRILAFT-AMV.pdf\",\"wpOptions\":\"true\"}; if(window.DFLIP && window.DFLIP.parseBooks){window.DFLIP.parseBooks();}<\/script><\/div>\n\t\t\t\t\t\t<\/div>\n\t\t\t\t<\/div>\n\t\t\t\t\t<\/div>\n\t\t\t\t<\/div>\n\t\t<div class=\"elementor-element elementor-element-a98b5d7 animated-slow e-flex e-con-boxed elementor-invisible e-con e-parent\" data-id=\"a98b5d7\" data-element_type=\"container\" data-settings=\"{&quot;jet_parallax_layout_list&quot;:[],&quot;animation&quot;:&quot;slideInDown&quot;,&quot;animation_delay&quot;:1400,&quot;background_background&quot;:&quot;classic&quot;}\">\n\t\t\t\t\t<div class=\"e-con-inner\">\n\t\t<div class=\"elementor-element elementor-element-43a4852 e-con-full e-flex e-con e-child\" data-id=\"43a4852\" data-element_type=\"container\" data-settings=\"{&quot;background_background&quot;:&quot;classic&quot;,&quot;jet_parallax_layout_list&quot;:[]}\">\n\t\t\t\t<div class=\"elementor-element elementor-element-bd85bea elementor-widget elementor-widget-heading\" data-id=\"bd85bea\" data-element_type=\"widget\" data-widget_type=\"heading.default\">\n\t\t\t\t<div class=\"elementor-widget-container\">\n\t\t\t\t\t<h2 class=\"elementor-heading-title elementor-size-default\">Compromiso, Pol\u00edticas y<\/h2>\t\t\t\t<\/div>\n\t\t\t\t<\/div>\n\t\t\t\t<div class=\"elementor-element elementor-element-2af3eba elementor-widget elementor-widget-heading\" data-id=\"2af3eba\" data-element_type=\"widget\" data-widget_type=\"heading.default\">\n\t\t\t\t<div class=\"elementor-widget-container\">\n\t\t\t\t\t<h2 class=\"elementor-heading-title elementor-size-default\"> Canales de Denuncia PTEE <\/h2>\t\t\t\t<\/div>\n\t\t\t\t<\/div>\n\t\t\t\t<\/div>\n\t\t\t\t\t<\/div>\n\t\t\t\t<\/div>\n\t\t<div class=\"elementor-element elementor-element-5a8e981 animated-slow e-flex e-con-boxed elementor-invisible e-con e-parent\" data-id=\"5a8e981\" data-element_type=\"container\" data-settings=\"{&quot;jet_parallax_layout_list&quot;:[],&quot;animation&quot;:&quot;fadeInUp&quot;}\">\n\t\t\t\t\t<div class=\"e-con-inner\">\n\t\t\t\t<div class=\"elementor-element elementor-element-d585cb9 elementor-widget elementor-widget-shortcode\" data-id=\"d585cb9\" data-element_type=\"widget\" data-widget_type=\"shortcode.default\">\n\t\t\t\t<div class=\"elementor-widget-container\">\n\t\t\t\t\t\t\t<div class=\"elementor-shortcode\"><div class=\"_df_book df-lite\" id=\"df_2080\"  _slug=\"compromiso-politicas-y-canales-de-denuncia-ptee-amv\" data-title=\"compromiso-politicas-y-canales-de-denuncia-ptee-amv\" wpoptions=\"true\" thumbtype=\"\" ><\/div><script class=\"df-shortcode-script\" nowprocket type=\"application\/javascript\">window.option_df_2080 = {\"outline\":[],\"autoEnableOutline\":\"false\",\"autoEnableThumbnail\":\"false\",\"overwritePDFOutline\":\"false\",\"direction\":\"1\",\"pageSize\":\"0\",\"source\":\"https:\\\/\\\/amvsa.com\\\/web\\\/wp-content\\\/uploads\\\/2025\\\/02\\\/Compromiso-Politicas-y-Canales-de-Denuncia-PTEE-AMV.pdf\",\"wpOptions\":\"true\"}; if(window.DFLIP && window.DFLIP.parseBooks){window.DFLIP.parseBooks();}<\/script><\/div>\n\t\t\t\t\t\t<\/div>\n\t\t\t\t<\/div>\n\t\t\t\t\t<\/div>\n\t\t\t\t<\/div>\n\t\t\t\t<\/div>\n\t\t","protected":false},"excerpt":{"rendered":"<p>POL\u00cdTICAS&nbsp;AMV Pol\u00edticas SAGRILAFT Compromiso, Pol\u00edticas y Canales de Denuncia PTEE<\/p>\n","protected":false},"author":1,"featured_media":0,"parent":0,"menu_order":0,"comment_status":"closed","ping_status":"closed","template":"","meta":{"footnotes":""},"class_list":["post-2067","page","type-page","status-publish","hentry"],"yoast_head":"<!-- This site is optimized with the Yoast SEO plugin v26.5 - https:\/\/yoast.com\/wordpress\/plugins\/seo\/ -->\n<title>SAGRILAFT - AMV Ingenier\u00eda conectada al progreso<\/title>\n<meta name=\"robots\" content=\"index, follow, max-snippet:-1, max-image-preview:large, max-video-preview:-1\" \/>\n<link rel=\"canonical\" href=\"https:\/\/amvsa.com\/web\/sagrilaft\" \/>\n<meta property=\"og:locale\" content=\"es_ES\" \/>\n<meta property=\"og:type\" content=\"article\" \/>\n<meta property=\"og:title\" content=\"SAGRILAFT - AMV Ingenier\u00eda conectada al progreso\" \/>\n<meta property=\"og:description\" content=\"POL\u00cdTICAS&nbsp;AMV Pol\u00edticas SAGRILAFT Compromiso, Pol\u00edticas y Canales de Denuncia PTEE\" \/>\n<meta property=\"og:url\" content=\"https:\/\/amvsa.com\/web\/sagrilaft\" \/>\n<meta property=\"og:site_name\" content=\"AMV Ingenier\u00eda conectada al progreso\" \/>\n<meta property=\"article:publisher\" content=\"https:\/\/www.facebook.com\/amvingenieria\/\" \/>\n<meta property=\"article:modified_time\" content=\"2025-02-17T02:29:29+00:00\" \/>\n<meta name=\"twitter:card\" content=\"summary_large_image\" \/>\n<meta name=\"twitter:site\" content=\"@amvingenieria\" \/>\n<meta name=\"twitter:label1\" content=\"Tiempo de lectura\" \/>\n\t<meta name=\"twitter:data1\" content=\"1 minuto\" \/>\n<script type=\"application\/ld+json\" class=\"yoast-schema-graph\">{\"@context\":\"https:\/\/schema.org\",\"@graph\":[{\"@type\":\"WebPage\",\"@id\":\"https:\/\/amvsa.com\/web\/sagrilaft\",\"url\":\"https:\/\/amvsa.com\/web\/sagrilaft\",\"name\":\"SAGRILAFT - AMV Ingenier\u00eda conectada al progreso\",\"isPartOf\":{\"@id\":\"https:\/\/amvsa.com\/web\/#website\"},\"datePublished\":\"2025-02-17T02:03:11+00:00\",\"dateModified\":\"2025-02-17T02:29:29+00:00\",\"breadcrumb\":{\"@id\":\"https:\/\/amvsa.com\/web\/sagrilaft#breadcrumb\"},\"inLanguage\":\"es-CO\",\"potentialAction\":[{\"@type\":\"ReadAction\",\"target\":[\"https:\/\/amvsa.com\/web\/sagrilaft\"]}]},{\"@type\":\"BreadcrumbList\",\"@id\":\"https:\/\/amvsa.com\/web\/sagrilaft#breadcrumb\",\"itemListElement\":[{\"@type\":\"ListItem\",\"position\":1,\"name\":\"Inicio\",\"item\":\"https:\/\/amvsa.com\/web\/\"},{\"@type\":\"ListItem\",\"position\":2,\"name\":\"SAGRILAFT\"}]},{\"@type\":\"WebSite\",\"@id\":\"https:\/\/amvsa.com\/web\/#website\",\"url\":\"https:\/\/amvsa.com\/web\/\",\"name\":\"AMV Ingenier\u00eda\",\"description\":\"AMV\",\"publisher\":{\"@id\":\"https:\/\/amvsa.com\/web\/#organization\"},\"potentialAction\":[{\"@type\":\"SearchAction\",\"target\":{\"@type\":\"EntryPoint\",\"urlTemplate\":\"https:\/\/amvsa.com\/web\/?s={search_term_string}\"},\"query-input\":{\"@type\":\"PropertyValueSpecification\",\"valueRequired\":true,\"valueName\":\"search_term_string\"}}],\"inLanguage\":\"es-CO\"},{\"@type\":\"Organization\",\"@id\":\"https:\/\/amvsa.com\/web\/#organization\",\"name\":\"AMV Ingenier\u00eda\",\"alternateName\":\"AMV\",\"url\":\"https:\/\/amvsa.com\/web\/\",\"logo\":{\"@type\":\"ImageObject\",\"inLanguage\":\"es-CO\",\"@id\":\"https:\/\/amvsa.com\/web\/#\/schema\/logo\/image\/\",\"url\":\"https:\/\/amvsa.com\/web\/wp-content\/uploads\/2024\/10\/Logo-AMV-web.png\",\"contentUrl\":\"https:\/\/amvsa.com\/web\/wp-content\/uploads\/2024\/10\/Logo-AMV-web.png\",\"width\":141,\"height\":72,\"caption\":\"AMV Ingenier\u00eda\"},\"image\":{\"@id\":\"https:\/\/amvsa.com\/web\/#\/schema\/logo\/image\/\"},\"sameAs\":[\"https:\/\/www.facebook.com\/amvingenieria\/\",\"https:\/\/x.com\/amvingenieria\",\"https:\/\/www.instagram.com\/amvingenieria\/\",\"https:\/\/www.youtube.com\/channel\/UCgt7Zy6adCAF0aDc7wJykqw\",\"https:\/\/www.linkedin.com\/company\/amvingenieria\/\"]}]}<\/script>\n<!-- \/ Yoast SEO plugin. -->","yoast_head_json":{"title":"SAGRILAFT - AMV Ingenier\u00eda conectada al progreso","robots":{"index":"index","follow":"follow","max-snippet":"max-snippet:-1","max-image-preview":"max-image-preview:large","max-video-preview":"max-video-preview:-1"},"canonical":"https:\/\/amvsa.com\/web\/sagrilaft","og_locale":"es_ES","og_type":"article","og_title":"SAGRILAFT - AMV Ingenier\u00eda conectada al progreso","og_description":"POL\u00cdTICAS&nbsp;AMV Pol\u00edticas SAGRILAFT Compromiso, Pol\u00edticas y Canales de Denuncia PTEE","og_url":"https:\/\/amvsa.com\/web\/sagrilaft","og_site_name":"AMV Ingenier\u00eda conectada al progreso","article_publisher":"https:\/\/www.facebook.com\/amvingenieria\/","article_modified_time":"2025-02-17T02:29:29+00:00","twitter_card":"summary_large_image","twitter_site":"@amvingenieria","twitter_misc":{"Tiempo de lectura":"1 minuto"},"schema":{"@context":"https:\/\/schema.org","@graph":[{"@type":"WebPage","@id":"https:\/\/amvsa.com\/web\/sagrilaft","url":"https:\/\/amvsa.com\/web\/sagrilaft","name":"SAGRILAFT - AMV Ingenier\u00eda conectada al progreso","isPartOf":{"@id":"https:\/\/amvsa.com\/web\/#website"},"datePublished":"2025-02-17T02:03:11+00:00","dateModified":"2025-02-17T02:29:29+00:00","breadcrumb":{"@id":"https:\/\/amvsa.com\/web\/sagrilaft#breadcrumb"},"inLanguage":"es-CO","potentialAction":[{"@type":"ReadAction","target":["https:\/\/amvsa.com\/web\/sagrilaft"]}]},{"@type":"BreadcrumbList","@id":"https:\/\/amvsa.com\/web\/sagrilaft#breadcrumb","itemListElement":[{"@type":"ListItem","position":1,"name":"Inicio","item":"https:\/\/amvsa.com\/web\/"},{"@type":"ListItem","position":2,"name":"SAGRILAFT"}]},{"@type":"WebSite","@id":"https:\/\/amvsa.com\/web\/#website","url":"https:\/\/amvsa.com\/web\/","name":"AMV Ingenier\u00eda","description":"AMV","publisher":{"@id":"https:\/\/amvsa.com\/web\/#organization"},"potentialAction":[{"@type":"SearchAction","target":{"@type":"EntryPoint","urlTemplate":"https:\/\/amvsa.com\/web\/?s={search_term_string}"},"query-input":{"@type":"PropertyValueSpecification","valueRequired":true,"valueName":"search_term_string"}}],"inLanguage":"es-CO"},{"@type":"Organization","@id":"https:\/\/amvsa.com\/web\/#organization","name":"AMV Ingenier\u00eda","alternateName":"AMV","url":"https:\/\/amvsa.com\/web\/","logo":{"@type":"ImageObject","inLanguage":"es-CO","@id":"https:\/\/amvsa.com\/web\/#\/schema\/logo\/image\/","url":"https:\/\/amvsa.com\/web\/wp-content\/uploads\/2024\/10\/Logo-AMV-web.png","contentUrl":"https:\/\/amvsa.com\/web\/wp-content\/uploads\/2024\/10\/Logo-AMV-web.png","width":141,"height":72,"caption":"AMV Ingenier\u00eda"},"image":{"@id":"https:\/\/amvsa.com\/web\/#\/schema\/logo\/image\/"},"sameAs":["https:\/\/www.facebook.com\/amvingenieria\/","https:\/\/x.com\/amvingenieria","https:\/\/www.instagram.com\/amvingenieria\/","https:\/\/www.youtube.com\/channel\/UCgt7Zy6adCAF0aDc7wJykqw","https:\/\/www.linkedin.com\/company\/amvingenieria\/"]}]}},"_links":{"self":[{"href":"https:\/\/amvsa.com\/web\/wp-json\/wp\/v2\/pages\/2067","targetHints":{"allow":["GET"]}}],"collection":[{"href":"https:\/\/amvsa.com\/web\/wp-json\/wp\/v2\/pages"}],"about":[{"href":"https:\/\/amvsa.com\/web\/wp-json\/wp\/v2\/types\/page"}],"author":[{"embeddable":true,"href":"https:\/\/amvsa.com\/web\/wp-json\/wp\/v2\/users\/1"}],"replies":[{"embeddable":true,"href":"https:\/\/amvsa.com\/web\/wp-json\/wp\/v2\/comments?post=2067"}],"version-history":[{"count":22,"href":"https:\/\/amvsa.com\/web\/wp-json\/wp\/v2\/pages\/2067\/revisions"}],"predecessor-version":[{"id":2100,"href":"https:\/\/amvsa.com\/web\/wp-json\/wp\/v2\/pages\/2067\/revisions\/2100"}],"wp:attachment":[{"href":"https:\/\/amvsa.com\/web\/wp-json\/wp\/v2\/media?parent=2067"}],"curies":[{"name":"wp","href":"https:\/\/api.w.org\/{rel}","templated":true}]}}