{"id":2180,"date":"2025-09-22T15:51:06","date_gmt":"2025-09-22T20:51:06","guid":{"rendered":"https:\/\/amvsa.com\/web\/?page_id=2180"},"modified":"2025-09-30T11:26:04","modified_gmt":"2025-09-30T16:26:04","slug":"transparencia","status":"publish","type":"page","link":"https:\/\/amvsa.com\/web\/transparencia","title":{"rendered":"Transparencia"},"content":{"rendered":"\t\t<div data-elementor-type=\"wp-page\" data-elementor-id=\"2180\" class=\"elementor elementor-2180\" data-elementor-post-type=\"page\">\n\t\t\t\t<div class=\"elementor-element elementor-element-2635349 animated-slow e-flex e-con-boxed elementor-invisible e-con e-parent\" data-id=\"2635349\" data-element_type=\"container\" data-settings=\"{&quot;background_background&quot;:&quot;slideshow&quot;,&quot;jet_parallax_layout_list&quot;:[],&quot;animation&quot;:&quot;slideInDown&quot;,&quot;animation_delay&quot;:200,&quot;background_slideshow_gallery&quot;:[],&quot;background_slideshow_loop&quot;:&quot;yes&quot;,&quot;background_slideshow_slide_duration&quot;:5000,&quot;background_slideshow_slide_transition&quot;:&quot;fade&quot;,&quot;background_slideshow_transition_duration&quot;:500}\">\n\t\t\t\t\t<div class=\"e-con-inner\">\n\t\t<div class=\"elementor-element elementor-element-9394933 e-con-full e-flex e-con e-child\" data-id=\"9394933\" data-element_type=\"container\" data-settings=\"{&quot;background_background&quot;:&quot;slideshow&quot;,&quot;background_slideshow_gallery&quot;:[{&quot;id&quot;:2210,&quot;url&quot;:&quot;https:\\\/\\\/amvsa.com\\\/web\\\/wp-content\\\/uploads\\\/2025\\\/09\\\/Transparencia.png&quot;}],&quot;jet_parallax_layout_list&quot;:[],&quot;background_slideshow_loop&quot;:&quot;yes&quot;,&quot;background_slideshow_slide_duration&quot;:5000,&quot;background_slideshow_slide_transition&quot;:&quot;fade&quot;,&quot;background_slideshow_transition_duration&quot;:500}\">\n\t\t\t\t<div class=\"elementor-element elementor-element-0852357 elementor-widget elementor-widget-jet-headline\" data-id=\"0852357\" data-element_type=\"widget\" data-widget_type=\"jet-headline.default\">\n\t\t\t\t<div class=\"elementor-widget-container\">\n\t\t\t\t\t<h1 class=\"jet-headline jet-headline--direction-horizontal\"><span class=\"jet-headline__part jet-headline__first\"><span class=\"jet-headline__label\">Transparencia<\/span><\/span><span class=\"jet-headline__space\">&nbsp;<\/span><span class=\"jet-headline__part jet-headline__second\"><span class=\"jet-headline__label\">AMV<\/span><\/span><\/h1>\t\t\t\t<\/div>\n\t\t\t\t<\/div>\n\t\t\t\t<\/div>\n\t\t\t\t\t<\/div>\n\t\t\t\t<\/div>\n\t\t<div class=\"elementor-element elementor-element-653cc69 animated-slow elementor-hidden-mobile e-flex e-con-boxed elementor-invisible e-con e-parent\" data-id=\"653cc69\" data-element_type=\"container\" data-settings=\"{&quot;jet_parallax_layout_list&quot;:[],&quot;background_background&quot;:&quot;classic&quot;,&quot;animation&quot;:&quot;slideInDown&quot;}\">\n\t\t\t\t\t<div class=\"e-con-inner\">\n\t\t<div class=\"elementor-element elementor-element-a94bcdd e-con-full e-flex e-con e-child\" data-id=\"a94bcdd\" data-element_type=\"container\" data-settings=\"{&quot;jet_parallax_layout_list&quot;:[]}\">\n\t\t\t\t<div class=\"elementor-element elementor-element-c6bc0e1 elementor-widget elementor-widget-breadcrumbs\" data-id=\"c6bc0e1\" data-element_type=\"widget\" data-widget_type=\"breadcrumbs.default\">\n\t\t\t\t<div class=\"elementor-widget-container\">\n\t\t\t\t\t<nav id=\"breadcrumbs\"><span><span><a href=\"https:\/\/amvsa.com\/web\/\">Inicio<\/a><\/span><\/span><\/nav>\t\t\t\t<\/div>\n\t\t\t\t<\/div>\n\t\t\t\t<\/div>\n\t\t\t\t\t<\/div>\n\t\t\t\t<\/div>\n\t\t<div class=\"elementor-element elementor-element-f03aab4 animated-slow e-flex e-con-boxed elementor-invisible e-con e-parent\" data-id=\"f03aab4\" data-element_type=\"container\" data-settings=\"{&quot;jet_parallax_layout_list&quot;:[],&quot;animation&quot;:&quot;slideInDown&quot;,&quot;animation_delay&quot;:1400,&quot;background_background&quot;:&quot;classic&quot;}\">\n\t\t\t\t\t<div class=\"e-con-inner\">\n\t\t<div class=\"elementor-element elementor-element-4d198c5 e-con-full e-flex e-con e-child\" data-id=\"4d198c5\" data-element_type=\"container\" data-settings=\"{&quot;background_background&quot;:&quot;classic&quot;,&quot;jet_parallax_layout_list&quot;:[]}\">\n\t\t\t\t<div class=\"elementor-element elementor-element-8cc7346 elementor-widget elementor-widget-heading\" data-id=\"8cc7346\" data-element_type=\"widget\" data-widget_type=\"heading.default\">\n\t\t\t\t<div class=\"elementor-widget-container\">\n\t\t\t\t\t<h2 class=\"elementor-heading-title elementor-size-default\">canal de<\/h2>\t\t\t\t<\/div>\n\t\t\t\t<\/div>\n\t\t\t\t<div class=\"elementor-element elementor-element-d8a4983 elementor-widget elementor-widget-heading\" data-id=\"d8a4983\" data-element_type=\"widget\" data-widget_type=\"heading.default\">\n\t\t\t\t<div class=\"elementor-widget-container\">\n\t\t\t\t\t<h2 class=\"elementor-heading-title elementor-size-default\">transparencia<\/h2>\t\t\t\t<\/div>\n\t\t\t\t<\/div>\n\t\t\t\t<div class=\"elementor-element elementor-element-bca14dd elementor-widget elementor-widget-text-editor\" data-id=\"bca14dd\" data-element_type=\"widget\" data-widget_type=\"text-editor.default\">\n\t\t\t\t<div class=\"elementor-widget-container\">\n\t\t\t\t\t\t\t\t\t<p>AMV S.A.S., en el cumplimiento de las normas y pol\u00edticas de transparencia y \u00e9tica empresarial, pone a su disposici\u00f3n este canal para que, a trav\u00e9s de el, se den a conocer actuaciones irregulares de funcionarios, contratistas y otros terceros relacionados con la operaci\u00f3n de la empresa.<\/p>\t\t\t\t\t\t\t\t<\/div>\n\t\t\t\t<\/div>\n\t\t\t\t<\/div>\n\t\t<div class=\"elementor-element elementor-element-e47d34c e-con-full animated-slow e-flex elementor-invisible e-con e-child\" data-id=\"e47d34c\" data-element_type=\"container\" data-settings=\"{&quot;background_background&quot;:&quot;classic&quot;,&quot;jet_parallax_layout_list&quot;:[],&quot;animation&quot;:&quot;fadeInDown&quot;}\">\n\t\t\t\t<div class=\"elementor-element elementor-element-29cdb69 elementor-widget elementor-widget-heading\" data-id=\"29cdb69\" data-element_type=\"widget\" data-widget_type=\"heading.default\">\n\t\t\t\t<div class=\"elementor-widget-container\">\n\t\t\t\t\t<h3 class=\"elementor-heading-title elementor-size-default\">Formulairo:<\/h3>\t\t\t\t<\/div>\n\t\t\t\t<\/div>\n\t\t\t\t<div class=\"elementor-element elementor-element-ca9b19c elementor-widget elementor-widget-text-editor\" data-id=\"ca9b19c\" data-element_type=\"widget\" data-widget_type=\"text-editor.default\">\n\t\t\t\t<div class=\"elementor-widget-container\">\n\t\t\t\t\t\t\t\t\t<p>Se ponen a disposici\u00f3n algunos campos de informaci\u00f3n, cuyo diligenciamiento es opcional e independiente, para que puedan ser utilizados libremente en el env\u00edo de su notificaci\u00f3n.<\/p>\t\t\t\t\t\t\t\t<\/div>\n\t\t\t\t<\/div>\n\t\t\t\t<div class=\"elementor-element elementor-element-d30ea04 elementor-button-align-stretch elementor-widget elementor-widget-form\" data-id=\"d30ea04\" data-element_type=\"widget\" data-settings=\"{&quot;step_next_label&quot;:&quot;Next&quot;,&quot;step_previous_label&quot;:&quot;Previous&quot;,&quot;button_width&quot;:&quot;100&quot;,&quot;step_type&quot;:&quot;number_text&quot;,&quot;step_icon_shape&quot;:&quot;circle&quot;}\" data-widget_type=\"form.default\">\n\t\t\t\t<div class=\"elementor-widget-container\">\n\t\t\t\t\t\t\t<form class=\"elementor-form\" method=\"post\" name=\"New Form\" aria-label=\"New Form\">\n\t\t\t<input type=\"hidden\" name=\"post_id\" value=\"2180\"\/>\n\t\t\t<input type=\"hidden\" name=\"form_id\" value=\"d30ea04\"\/>\n\t\t\t<input type=\"hidden\" name=\"referer_title\" value=\"Transparencia - AMV Ingenier\u00eda conectada al progreso\" \/>\n\n\t\t\t\t\t\t\t<input type=\"hidden\" name=\"queried_id\" value=\"2180\"\/>\n\t\t\t\n\t\t\t<div class=\"elementor-form-fields-wrapper elementor-labels-above\">\n\t\t\t\t\t\t\t\t<div class=\"elementor-field-type-text elementor-field-group elementor-column elementor-field-group-name elementor-col-100\">\n\t\t\t\t\t\t\t\t\t\t\t\t\t<input size=\"1\" type=\"text\" name=\"form_fields[name]\" id=\"form-field-name\" class=\"elementor-field elementor-size-sm  elementor-field-textual\" placeholder=\"Nombre completo o raz\u00f3n social\">\n\t\t\t\t\t\t\t\t\t\t\t<\/div>\n\t\t\t\t\t\t\t\t<div class=\"elementor-field-type-email elementor-field-group elementor-column elementor-field-group-correo elementor-col-100\">\n\t\t\t\t\t\t\t\t\t\t\t\t\t<input size=\"1\" type=\"email\" name=\"form_fields[correo]\" id=\"form-field-correo\" class=\"elementor-field elementor-size-sm  elementor-field-textual\" placeholder=\"Correo electr\u00f3nico\">\n\t\t\t\t\t\t\t\t\t\t\t<\/div>\n\t\t\t\t\t\t\t\t<div class=\"elementor-field-type-textarea elementor-field-group elementor-column elementor-field-group-message elementor-col-100 elementor-field-required\">\n\t\t\t\t\t<textarea class=\"elementor-field-textual elementor-field  elementor-size-sm\" name=\"form_fields[message]\" id=\"form-field-message\" rows=\"4\" placeholder=\"Mensaje\" required=\"required\"><\/textarea>\t\t\t\t<\/div>\n\t\t\t\t\t\t\t\t<div class=\"elementor-field-type-recaptcha elementor-field-group elementor-column elementor-field-group-field_46d7228 elementor-col-100\">\n\t\t\t\t\t<div class=\"elementor-field\" id=\"form-field-field_46d7228\"><div class=\"elementor-g-recaptcha\" data-sitekey=\"6Lf2SmwqAAAAACZDCCv0AsX_FH_D-fYf-_ejoDzs\" data-type=\"v2_checkbox\" data-theme=\"light\" data-size=\"normal\"><\/div><\/div>\t\t\t\t<\/div>\n\t\t\t\t\t\t\t\t<div class=\"elementor-field-group elementor-column elementor-field-type-submit elementor-col-100 e-form__buttons\">\n\t\t\t\t\t<button class=\"elementor-button elementor-size-sm\" type=\"submit\">\n\t\t\t\t\t\t<span class=\"elementor-button-content-wrapper\">\n\t\t\t\t\t\t\t\t\t\t\t\t\t\t\t\t\t\t\t\t\t\t<span class=\"elementor-button-text\">Enviar<\/span>\n\t\t\t\t\t\t\t\t\t\t\t\t\t<\/span>\n\t\t\t\t\t<\/button>\n\t\t\t\t<\/div>\n\t\t\t<\/div>\n\t\t<\/form>\n\t\t\t\t\t\t<\/div>\n\t\t\t\t<\/div>\n\t\t\t\t<\/div>\n\t\t\t\t\t<\/div>\n\t\t\t\t<\/div>\n\t\t\t\t<\/div>\n\t\t","protected":false},"excerpt":{"rendered":"<p>Transparencia&nbsp;AMV canal de transparencia AMV S.A.S., en el cumplimiento de las normas y pol\u00edticas de transparencia y \u00e9tica empresarial, pone a su disposici\u00f3n este canal para que, a trav\u00e9s de el, se den a conocer actuaciones irregulares de funcionarios, contratistas y otros terceros relacionados con la operaci\u00f3n de la empresa. Formulairo: Se ponen a disposici\u00f3n [&hellip;]<\/p>\n","protected":false},"author":1,"featured_media":0,"parent":0,"menu_order":0,"comment_status":"closed","ping_status":"closed","template":"","meta":{"footnotes":""},"class_list":["post-2180","page","type-page","status-publish","hentry"],"yoast_head":"<!-- This site is optimized with the Yoast SEO plugin v26.5 - https:\/\/yoast.com\/wordpress\/plugins\/seo\/ -->\n<title>Transparencia - AMV Ingenier\u00eda conectada al progreso<\/title>\n<meta name=\"robots\" content=\"index, follow, max-snippet:-1, max-image-preview:large, max-video-preview:-1\" \/>\n<link rel=\"canonical\" href=\"https:\/\/amvsa.com\/web\/transparencia\" \/>\n<meta property=\"og:locale\" content=\"es_ES\" \/>\n<meta property=\"og:type\" content=\"article\" \/>\n<meta property=\"og:title\" content=\"Transparencia - AMV Ingenier\u00eda conectada al progreso\" \/>\n<meta property=\"og:description\" content=\"Transparencia&nbsp;AMV canal de transparencia AMV S.A.S., en el cumplimiento de las normas y pol\u00edticas de transparencia y \u00e9tica empresarial, pone a su disposici\u00f3n este canal para que, a trav\u00e9s de el, se den a conocer actuaciones irregulares de funcionarios, contratistas y otros terceros relacionados con la operaci\u00f3n de la empresa. Formulairo: Se ponen a disposici\u00f3n [&hellip;]\" \/>\n<meta property=\"og:url\" content=\"https:\/\/amvsa.com\/web\/transparencia\" \/>\n<meta property=\"og:site_name\" content=\"AMV Ingenier\u00eda conectada al progreso\" \/>\n<meta property=\"article:publisher\" content=\"https:\/\/www.facebook.com\/amvingenieria\/\" \/>\n<meta property=\"article:modified_time\" content=\"2025-09-30T16:26:04+00:00\" \/>\n<meta name=\"twitter:card\" content=\"summary_large_image\" \/>\n<meta name=\"twitter:site\" content=\"@amvingenieria\" \/>\n<meta name=\"twitter:label1\" content=\"Tiempo de lectura\" \/>\n\t<meta name=\"twitter:data1\" content=\"1 minuto\" \/>\n<script type=\"application\/ld+json\" class=\"yoast-schema-graph\">{\"@context\":\"https:\/\/schema.org\",\"@graph\":[{\"@type\":\"WebPage\",\"@id\":\"https:\/\/amvsa.com\/web\/transparencia\",\"url\":\"https:\/\/amvsa.com\/web\/transparencia\",\"name\":\"Transparencia - AMV Ingenier\u00eda conectada al progreso\",\"isPartOf\":{\"@id\":\"https:\/\/amvsa.com\/web\/#website\"},\"datePublished\":\"2025-09-22T20:51:06+00:00\",\"dateModified\":\"2025-09-30T16:26:04+00:00\",\"breadcrumb\":{\"@id\":\"https:\/\/amvsa.com\/web\/transparencia#breadcrumb\"},\"inLanguage\":\"es-CO\",\"potentialAction\":[{\"@type\":\"ReadAction\",\"target\":[\"https:\/\/amvsa.com\/web\/transparencia\"]}]},{\"@type\":\"BreadcrumbList\",\"@id\":\"https:\/\/amvsa.com\/web\/transparencia#breadcrumb\",\"itemListElement\":[{\"@type\":\"ListItem\",\"position\":1,\"name\":\"Inicio\",\"item\":\"https:\/\/amvsa.com\/web\/\"},{\"@type\":\"ListItem\",\"position\":2,\"name\":\"Transparencia\"}]},{\"@type\":\"WebSite\",\"@id\":\"https:\/\/amvsa.com\/web\/#website\",\"url\":\"https:\/\/amvsa.com\/web\/\",\"name\":\"AMV Ingenier\u00eda\",\"description\":\"AMV\",\"publisher\":{\"@id\":\"https:\/\/amvsa.com\/web\/#organization\"},\"potentialAction\":[{\"@type\":\"SearchAction\",\"target\":{\"@type\":\"EntryPoint\",\"urlTemplate\":\"https:\/\/amvsa.com\/web\/?s={search_term_string}\"},\"query-input\":{\"@type\":\"PropertyValueSpecification\",\"valueRequired\":true,\"valueName\":\"search_term_string\"}}],\"inLanguage\":\"es-CO\"},{\"@type\":\"Organization\",\"@id\":\"https:\/\/amvsa.com\/web\/#organization\",\"name\":\"AMV Ingenier\u00eda\",\"alternateName\":\"AMV\",\"url\":\"https:\/\/amvsa.com\/web\/\",\"logo\":{\"@type\":\"ImageObject\",\"inLanguage\":\"es-CO\",\"@id\":\"https:\/\/amvsa.com\/web\/#\/schema\/logo\/image\/\",\"url\":\"https:\/\/amvsa.com\/web\/wp-content\/uploads\/2024\/10\/Logo-AMV-web.png\",\"contentUrl\":\"https:\/\/amvsa.com\/web\/wp-content\/uploads\/2024\/10\/Logo-AMV-web.png\",\"width\":141,\"height\":72,\"caption\":\"AMV Ingenier\u00eda\"},\"image\":{\"@id\":\"https:\/\/amvsa.com\/web\/#\/schema\/logo\/image\/\"},\"sameAs\":[\"https:\/\/www.facebook.com\/amvingenieria\/\",\"https:\/\/x.com\/amvingenieria\",\"https:\/\/www.instagram.com\/amvingenieria\/\",\"https:\/\/www.youtube.com\/channel\/UCgt7Zy6adCAF0aDc7wJykqw\",\"https:\/\/www.linkedin.com\/company\/amvingenieria\/\"]}]}<\/script>\n<!-- \/ Yoast SEO plugin. -->","yoast_head_json":{"title":"Transparencia - AMV Ingenier\u00eda conectada al progreso","robots":{"index":"index","follow":"follow","max-snippet":"max-snippet:-1","max-image-preview":"max-image-preview:large","max-video-preview":"max-video-preview:-1"},"canonical":"https:\/\/amvsa.com\/web\/transparencia","og_locale":"es_ES","og_type":"article","og_title":"Transparencia - AMV Ingenier\u00eda conectada al progreso","og_description":"Transparencia&nbsp;AMV canal de transparencia AMV S.A.S., en el cumplimiento de las normas y pol\u00edticas de transparencia y \u00e9tica empresarial, pone a su disposici\u00f3n este canal para que, a trav\u00e9s de el, se den a conocer actuaciones irregulares de funcionarios, contratistas y otros terceros relacionados con la operaci\u00f3n de la empresa. Formulairo: Se ponen a disposici\u00f3n [&hellip;]","og_url":"https:\/\/amvsa.com\/web\/transparencia","og_site_name":"AMV Ingenier\u00eda conectada al progreso","article_publisher":"https:\/\/www.facebook.com\/amvingenieria\/","article_modified_time":"2025-09-30T16:26:04+00:00","twitter_card":"summary_large_image","twitter_site":"@amvingenieria","twitter_misc":{"Tiempo de lectura":"1 minuto"},"schema":{"@context":"https:\/\/schema.org","@graph":[{"@type":"WebPage","@id":"https:\/\/amvsa.com\/web\/transparencia","url":"https:\/\/amvsa.com\/web\/transparencia","name":"Transparencia - AMV Ingenier\u00eda conectada al progreso","isPartOf":{"@id":"https:\/\/amvsa.com\/web\/#website"},"datePublished":"2025-09-22T20:51:06+00:00","dateModified":"2025-09-30T16:26:04+00:00","breadcrumb":{"@id":"https:\/\/amvsa.com\/web\/transparencia#breadcrumb"},"inLanguage":"es-CO","potentialAction":[{"@type":"ReadAction","target":["https:\/\/amvsa.com\/web\/transparencia"]}]},{"@type":"BreadcrumbList","@id":"https:\/\/amvsa.com\/web\/transparencia#breadcrumb","itemListElement":[{"@type":"ListItem","position":1,"name":"Inicio","item":"https:\/\/amvsa.com\/web\/"},{"@type":"ListItem","position":2,"name":"Transparencia"}]},{"@type":"WebSite","@id":"https:\/\/amvsa.com\/web\/#website","url":"https:\/\/amvsa.com\/web\/","name":"AMV Ingenier\u00eda","description":"AMV","publisher":{"@id":"https:\/\/amvsa.com\/web\/#organization"},"potentialAction":[{"@type":"SearchAction","target":{"@type":"EntryPoint","urlTemplate":"https:\/\/amvsa.com\/web\/?s={search_term_string}"},"query-input":{"@type":"PropertyValueSpecification","valueRequired":true,"valueName":"search_term_string"}}],"inLanguage":"es-CO"},{"@type":"Organization","@id":"https:\/\/amvsa.com\/web\/#organization","name":"AMV Ingenier\u00eda","alternateName":"AMV","url":"https:\/\/amvsa.com\/web\/","logo":{"@type":"ImageObject","inLanguage":"es-CO","@id":"https:\/\/amvsa.com\/web\/#\/schema\/logo\/image\/","url":"https:\/\/amvsa.com\/web\/wp-content\/uploads\/2024\/10\/Logo-AMV-web.png","contentUrl":"https:\/\/amvsa.com\/web\/wp-content\/uploads\/2024\/10\/Logo-AMV-web.png","width":141,"height":72,"caption":"AMV Ingenier\u00eda"},"image":{"@id":"https:\/\/amvsa.com\/web\/#\/schema\/logo\/image\/"},"sameAs":["https:\/\/www.facebook.com\/amvingenieria\/","https:\/\/x.com\/amvingenieria","https:\/\/www.instagram.com\/amvingenieria\/","https:\/\/www.youtube.com\/channel\/UCgt7Zy6adCAF0aDc7wJykqw","https:\/\/www.linkedin.com\/company\/amvingenieria\/"]}]}},"_links":{"self":[{"href":"https:\/\/amvsa.com\/web\/wp-json\/wp\/v2\/pages\/2180","targetHints":{"allow":["GET"]}}],"collection":[{"href":"https:\/\/amvsa.com\/web\/wp-json\/wp\/v2\/pages"}],"about":[{"href":"https:\/\/amvsa.com\/web\/wp-json\/wp\/v2\/types\/page"}],"author":[{"embeddable":true,"href":"https:\/\/amvsa.com\/web\/wp-json\/wp\/v2\/users\/1"}],"replies":[{"embeddable":true,"href":"https:\/\/amvsa.com\/web\/wp-json\/wp\/v2\/comments?post=2180"}],"version-history":[{"count":31,"href":"https:\/\/amvsa.com\/web\/wp-json\/wp\/v2\/pages\/2180\/revisions"}],"predecessor-version":[{"id":2216,"href":"https:\/\/amvsa.com\/web\/wp-json\/wp\/v2\/pages\/2180\/revisions\/2216"}],"wp:attachment":[{"href":"https:\/\/amvsa.com\/web\/wp-json\/wp\/v2\/media?parent=2180"}],"curies":[{"name":"wp","href":"https:\/\/api.w.org\/{rel}","templated":true}]}}