{"id":627,"date":"2024-11-08T18:34:32","date_gmt":"2024-11-08T23:34:32","guid":{"rendered":"https:\/\/amvsa.com\/web\/?page_id=627"},"modified":"2025-02-16T22:09:02","modified_gmt":"2025-02-17T03:09:02","slug":"indicadores","status":"publish","type":"page","link":"https:\/\/amvsa.com\/web\/indicadores","title":{"rendered":"Indicadores"},"content":{"rendered":"\t\t<div data-elementor-type=\"wp-page\" data-elementor-id=\"627\" class=\"elementor elementor-627\" data-elementor-post-type=\"page\">\n\t\t\t\t<div class=\"elementor-element elementor-element-61b0b83b animated-slow e-flex e-con-boxed elementor-invisible e-con e-parent\" data-id=\"61b0b83b\" data-element_type=\"container\" data-settings=\"{&quot;background_background&quot;:&quot;slideshow&quot;,&quot;jet_parallax_layout_list&quot;:[],&quot;animation&quot;:&quot;slideInDown&quot;,&quot;animation_delay&quot;:200,&quot;background_slideshow_gallery&quot;:[],&quot;background_slideshow_loop&quot;:&quot;yes&quot;,&quot;background_slideshow_slide_duration&quot;:5000,&quot;background_slideshow_slide_transition&quot;:&quot;fade&quot;,&quot;background_slideshow_transition_duration&quot;:500}\">\n\t\t\t\t\t<div class=\"e-con-inner\">\n\t\t<div class=\"elementor-element elementor-element-5e1e896a e-con-full e-flex e-con e-child\" data-id=\"5e1e896a\" data-element_type=\"container\" data-settings=\"{&quot;background_background&quot;:&quot;slideshow&quot;,&quot;background_slideshow_gallery&quot;:[{&quot;id&quot;:1492,&quot;url&quot;:&quot;https:\\\/\\\/amvsa.com\\\/web\\\/wp-content\\\/uploads\\\/2024\\\/12\\\/Banner-Indicadores-Economicos.png&quot;}],&quot;jet_parallax_layout_list&quot;:[],&quot;background_slideshow_loop&quot;:&quot;yes&quot;,&quot;background_slideshow_slide_duration&quot;:5000,&quot;background_slideshow_slide_transition&quot;:&quot;fade&quot;,&quot;background_slideshow_transition_duration&quot;:500}\">\n\t\t\t\t<div class=\"elementor-element elementor-element-4fd4274f elementor-widget elementor-widget-jet-headline\" data-id=\"4fd4274f\" data-element_type=\"widget\" data-widget_type=\"jet-headline.default\">\n\t\t\t\t<div class=\"elementor-widget-container\">\n\t\t\t\t\t<h1 class=\"jet-headline jet-headline--direction-horizontal\"><span class=\"jet-headline__part jet-headline__first\"><span class=\"jet-headline__label\">INDICADORES<\/span><\/span><span class=\"jet-headline__space\">&nbsp;<\/span><span class=\"jet-headline__part jet-headline__second\"><span class=\"jet-headline__label\">ECON\u00d3MICOS<\/span><\/span><\/h1>\t\t\t\t<\/div>\n\t\t\t\t<\/div>\n\t\t\t\t<\/div>\n\t\t\t\t\t<\/div>\n\t\t\t\t<\/div>\n\t\t<div class=\"elementor-element elementor-element-3d5f95eb animated-slow elementor-hidden-mobile e-flex e-con-boxed elementor-invisible e-con e-parent\" data-id=\"3d5f95eb\" data-element_type=\"container\" data-settings=\"{&quot;jet_parallax_layout_list&quot;:[],&quot;background_background&quot;:&quot;classic&quot;,&quot;animation&quot;:&quot;slideInDown&quot;}\">\n\t\t\t\t\t<div class=\"e-con-inner\">\n\t\t<div class=\"elementor-element elementor-element-63eaafe2 e-con-full e-flex e-con e-child\" data-id=\"63eaafe2\" data-element_type=\"container\" data-settings=\"{&quot;jet_parallax_layout_list&quot;:[]}\">\n\t\t\t\t<div class=\"elementor-element elementor-element-26b4d81c elementor-widget elementor-widget-breadcrumbs\" data-id=\"26b4d81c\" data-element_type=\"widget\" data-widget_type=\"breadcrumbs.default\">\n\t\t\t\t<div class=\"elementor-widget-container\">\n\t\t\t\t\t<nav id=\"breadcrumbs\"><span><span><a href=\"https:\/\/amvsa.com\/web\/\">Inicio<\/a><\/span><\/span><\/nav>\t\t\t\t<\/div>\n\t\t\t\t<\/div>\n\t\t\t\t<\/div>\n\t\t\t\t\t<\/div>\n\t\t\t\t<\/div>\n\t\t<div class=\"elementor-element elementor-element-3b81d55 e-flex e-con-boxed e-con e-parent\" data-id=\"3b81d55\" data-element_type=\"container\" data-settings=\"{&quot;jet_parallax_layout_list&quot;:[]}\">\n\t\t\t\t\t<div class=\"e-con-inner\">\n\t\t<div class=\"elementor-element elementor-element-c3c6256 e-con-full e-flex e-con e-child\" data-id=\"c3c6256\" data-element_type=\"container\" data-settings=\"{&quot;jet_parallax_layout_list&quot;:[]}\">\n\t\t<div class=\"elementor-element elementor-element-8403e1f e-con-full e-flex e-con e-child\" data-id=\"8403e1f\" data-element_type=\"container\" data-settings=\"{&quot;jet_parallax_layout_list&quot;:[]}\">\n\t\t\t\t<div class=\"elementor-element elementor-element-6e0471ec elementor-widget elementor-widget-heading\" data-id=\"6e0471ec\" data-element_type=\"widget\" data-widget_type=\"heading.default\">\n\t\t\t\t<div class=\"elementor-widget-container\">\n\t\t\t\t\t<h2 class=\"elementor-heading-title elementor-size-default\">Indicadores econ\u00f3micos<\/h2>\t\t\t\t<\/div>\n\t\t\t\t<\/div>\n\t\t\t\t<div class=\"elementor-element elementor-element-7931019b elementor-widget elementor-widget-heading\" data-id=\"7931019b\" data-element_type=\"widget\" data-widget_type=\"heading.default\">\n\t\t\t\t<div class=\"elementor-widget-container\">\n\t\t\t\t\t<h2 class=\"elementor-heading-title elementor-size-default\">al alcance de tu mano<\/h2>\t\t\t\t<\/div>\n\t\t\t\t<\/div>\n\t\t\t\t<div class=\"elementor-element elementor-element-ab3ad94 elementor-widget elementor-widget-text-editor\" data-id=\"ab3ad94\" data-element_type=\"widget\" data-widget_type=\"text-editor.default\">\n\t\t\t\t<div class=\"elementor-widget-container\">\n\t\t\t\t\t\t\t\t\t<p>Descubre los indicadores econ\u00f3micos m\u00e1s relevantes, actualizados y claros para entender el pulso del mercado de la construcci\u00f3n.<\/p>\t\t\t\t\t\t\t\t<\/div>\n\t\t\t\t<\/div>\n\t\t\t\t<div class=\"elementor-element elementor-element-7601e7c elementor-widget elementor-widget-heading\" data-id=\"7601e7c\" data-element_type=\"widget\" data-widget_type=\"heading.default\">\n\t\t\t\t<div class=\"elementor-widget-container\">\n\t\t\t\t\t<h3 class=\"elementor-heading-title elementor-size-default\">\u00a1Transforma datos en decisiones inteligentes!<\/h3>\t\t\t\t<\/div>\n\t\t\t\t<\/div>\n\t\t\t\t<\/div>\n\t\t<div class=\"elementor-element elementor-element-f598095 e-con-full e-flex e-con e-child\" data-id=\"f598095\" data-element_type=\"container\" data-settings=\"{&quot;jet_parallax_layout_list&quot;:[]}\">\n\t\t\t\t<div class=\"elementor-element elementor-element-c2a388d elementor-widget elementor-widget-text-editor\" data-id=\"c2a388d\" data-element_type=\"widget\" data-widget_type=\"text-editor.default\">\n\t\t\t\t<div class=\"elementor-widget-container\">\n\t\t\t\t\t\t\t\t\t<p class=\"elementor-heading-title elementor-size-small\" style=\"text-align: center;\"><strong>Fuente:<\/strong> Superfinanciera<\/p>\t\t\t\t\t\t\t\t<\/div>\n\t\t\t\t<\/div>\n\t\t\t\t<div class=\"elementor-element elementor-element-561af88 elementor-align-justify elementor-widget elementor-widget-button\" data-id=\"561af88\" data-element_type=\"widget\" data-widget_type=\"button.default\">\n\t\t\t\t<div class=\"elementor-widget-container\">\n\t\t\t\t\t\t\t\t\t<div class=\"elementor-button-wrapper\">\n\t\t\t\t\t<a class=\"elementor-button elementor-button-link elementor-size-sm\" href=\"https:\/\/www.superfinanciera.gov.co\/powerbi\/reportes\/514\/482\/\" target=\"_blank\">\n\t\t\t\t\t\t<span class=\"elementor-button-content-wrapper\">\n\t\t\t\t\t\t\t\t\t<span class=\"elementor-button-text\">D\u00f3lar Americano<\/span>\n\t\t\t\t\t<\/span>\n\t\t\t\t\t<\/a>\n\t\t\t\t<\/div>\n\t\t\t\t\t\t\t\t<\/div>\n\t\t\t\t<\/div>\n\t\t\t\t<div class=\"elementor-element elementor-element-d1939fd elementor-widget elementor-widget-text-editor\" data-id=\"d1939fd\" data-element_type=\"widget\" data-widget_type=\"text-editor.default\">\n\t\t\t\t<div class=\"elementor-widget-container\">\n\t\t\t\t\t\t\t\t\t<p class=\"elementor-heading-title elementor-size-small\" style=\"text-align: center;\"><strong>Fuente:<\/strong> Diario La Rep\u00fablica<\/p>\t\t\t\t\t\t\t\t<\/div>\n\t\t\t\t<\/div>\n\t\t\t\t<div class=\"elementor-element elementor-element-7c96e25 elementor-align-justify elementor-widget elementor-widget-button\" data-id=\"7c96e25\" data-element_type=\"widget\" data-widget_type=\"button.default\">\n\t\t\t\t<div class=\"elementor-widget-container\">\n\t\t\t\t\t\t\t\t\t<div class=\"elementor-button-wrapper\">\n\t\t\t\t\t<a class=\"elementor-button elementor-button-link elementor-size-sm\" href=\"https:\/\/www.larepublica.co\/indicadores-economicos\" target=\"_blank\">\n\t\t\t\t\t\t<span class=\"elementor-button-content-wrapper\">\n\t\t\t\t\t\t\t\t\t<span class=\"elementor-button-text\">Indicadores econ\u00f3micos<\/span>\n\t\t\t\t\t<\/span>\n\t\t\t\t\t<\/a>\n\t\t\t\t<\/div>\n\t\t\t\t\t\t\t\t<\/div>\n\t\t\t\t<\/div>\n\t\t\t\t<div class=\"elementor-element elementor-element-0d037d3 elementor-widget elementor-widget-text-editor\" data-id=\"0d037d3\" data-element_type=\"widget\" data-widget_type=\"text-editor.default\">\n\t\t\t\t<div class=\"elementor-widget-container\">\n\t\t\t\t\t\t\t\t\t<p class=\"elementor-heading-title elementor-size-small\" style=\"text-align: center;\"><strong>Fuente:<\/strong> DANE<\/p>\t\t\t\t\t\t\t\t<\/div>\n\t\t\t\t<\/div>\n\t\t\t\t<div class=\"elementor-element elementor-element-647f1c3 elementor-align-justify elementor-widget elementor-widget-button\" data-id=\"647f1c3\" data-element_type=\"widget\" data-widget_type=\"button.default\">\n\t\t\t\t<div class=\"elementor-widget-container\">\n\t\t\t\t\t\t\t\t\t<div class=\"elementor-button-wrapper\">\n\t\t\t\t\t<a class=\"elementor-button elementor-button-link elementor-size-sm\" href=\"https:\/\/www.dane.gov.co\/index.php\/estadisticas-por-tema\/construccion\/indicadores-economicos-alrededor-de-la-construccion\" target=\"_blank\">\n\t\t\t\t\t\t<span class=\"elementor-button-content-wrapper\">\n\t\t\t\t\t\t\t\t\t<span class=\"elementor-button-text\">Indicadores de la construcci\u00f3n<\/span>\n\t\t\t\t\t<\/span>\n\t\t\t\t\t<\/a>\n\t\t\t\t<\/div>\n\t\t\t\t\t\t\t\t<\/div>\n\t\t\t\t<\/div>\n\t\t\t\t<\/div>\n\t\t<div class=\"elementor-element elementor-element-65bb560 e-con-full e-flex e-con e-child\" data-id=\"65bb560\" data-element_type=\"container\" data-settings=\"{&quot;jet_parallax_layout_list&quot;:[]}\">\n\t\t\t\t<div class=\"elementor-element elementor-element-cdf0afd elementor-widget elementor-widget-text-editor\" data-id=\"cdf0afd\" data-element_type=\"widget\" data-widget_type=\"text-editor.default\">\n\t\t\t\t<div class=\"elementor-widget-container\">\n\t\t\t\t\t\t\t\t\t<p class=\"elementor-heading-title elementor-size-small\" style=\"text-align: center;\"><strong>Fuente:<\/strong> Diario La Rep\u00fablica<\/p>\t\t\t\t\t\t\t\t<\/div>\n\t\t\t\t<\/div>\n\t\t\t\t<div class=\"elementor-element elementor-element-542bf90 elementor-align-justify elementor-widget elementor-widget-button\" data-id=\"542bf90\" data-element_type=\"widget\" data-widget_type=\"button.default\">\n\t\t\t\t<div class=\"elementor-widget-container\">\n\t\t\t\t\t\t\t\t\t<div class=\"elementor-button-wrapper\">\n\t\t\t\t\t<a class=\"elementor-button elementor-button-link elementor-size-sm\" href=\"https:\/\/www.larepublica.co\/indicadores-economicos\/commodities\/cobre\" target=\"_blank\">\n\t\t\t\t\t\t<span class=\"elementor-button-content-wrapper\">\n\t\t\t\t\t\t\t\t\t<span class=\"elementor-button-text\">Cobre<\/span>\n\t\t\t\t\t<\/span>\n\t\t\t\t\t<\/a>\n\t\t\t\t<\/div>\n\t\t\t\t\t\t\t\t<\/div>\n\t\t\t\t<\/div>\n\t\t\t\t<div class=\"elementor-element elementor-element-ca34683 elementor-widget elementor-widget-text-editor\" data-id=\"ca34683\" data-element_type=\"widget\" data-widget_type=\"text-editor.default\">\n\t\t\t\t<div class=\"elementor-widget-container\">\n\t\t\t\t\t\t\t\t\t<p class=\"elementor-heading-title elementor-size-small\" style=\"text-align: center;\"><strong>Fuente:<\/strong> Bolsa de Metales de Londres (LME)<\/p>\t\t\t\t\t\t\t\t<\/div>\n\t\t\t\t<\/div>\n\t\t\t\t<div class=\"elementor-element elementor-element-0c0d119 elementor-align-justify elementor-widget elementor-widget-button\" data-id=\"0c0d119\" data-element_type=\"widget\" data-widget_type=\"button.default\">\n\t\t\t\t<div class=\"elementor-widget-container\">\n\t\t\t\t\t\t\t\t\t<div class=\"elementor-button-wrapper\">\n\t\t\t\t\t<a class=\"elementor-button elementor-button-link elementor-size-sm\" href=\"https:\/\/www.lme.com\/en\/Metals\/Non-ferrous\/LME-Aluminium#Summary\" target=\"_blank\">\n\t\t\t\t\t\t<span class=\"elementor-button-content-wrapper\">\n\t\t\t\t\t\t\t\t\t<span class=\"elementor-button-text\">Aluminio<\/span>\n\t\t\t\t\t<\/span>\n\t\t\t\t\t<\/a>\n\t\t\t\t<\/div>\n\t\t\t\t\t\t\t\t<\/div>\n\t\t\t\t<\/div>\n\t\t\t\t<\/div>\n\t\t\t\t<\/div>\n\t\t\t\t\t<\/div>\n\t\t\t\t<\/div>\n\t\t\t\t<\/div>\n\t\t","protected":false},"excerpt":{"rendered":"<p>INDICADORES&nbsp;ECON\u00d3MICOS Indicadores econ\u00f3micos al alcance de tu mano Descubre los indicadores econ\u00f3micos m\u00e1s relevantes, actualizados y claros para entender el pulso del mercado de la construcci\u00f3n. \u00a1Transforma datos en decisiones inteligentes! Fuente: Superfinanciera D\u00f3lar Americano Fuente: Diario La Rep\u00fablica Indicadores econ\u00f3micos Fuente: DANE Indicadores de la construcci\u00f3n Fuente: Diario La Rep\u00fablica Cobre Fuente: Bolsa de [&hellip;]<\/p>\n","protected":false},"author":1,"featured_media":0,"parent":0,"menu_order":0,"comment_status":"closed","ping_status":"closed","template":"","meta":{"footnotes":""},"class_list":["post-627","page","type-page","status-publish","hentry"],"yoast_head":"<!-- This site is optimized with the Yoast SEO plugin v26.5 - https:\/\/yoast.com\/wordpress\/plugins\/seo\/ -->\n<title>Indicadores - AMV Ingenier\u00eda conectada al progreso<\/title>\n<meta name=\"robots\" content=\"index, follow, max-snippet:-1, max-image-preview:large, max-video-preview:-1\" \/>\n<link rel=\"canonical\" href=\"https:\/\/amvsa.com\/web\/indicadores\" \/>\n<meta property=\"og:locale\" content=\"es_ES\" \/>\n<meta property=\"og:type\" content=\"article\" \/>\n<meta property=\"og:title\" content=\"Indicadores - AMV Ingenier\u00eda conectada al progreso\" \/>\n<meta property=\"og:description\" content=\"INDICADORES&nbsp;ECON\u00d3MICOS Indicadores econ\u00f3micos al alcance de tu mano Descubre los indicadores econ\u00f3micos m\u00e1s relevantes, actualizados y claros para entender el pulso del mercado de la construcci\u00f3n. \u00a1Transforma datos en decisiones inteligentes! Fuente: Superfinanciera D\u00f3lar Americano Fuente: Diario La Rep\u00fablica Indicadores econ\u00f3micos Fuente: DANE Indicadores de la construcci\u00f3n Fuente: Diario La Rep\u00fablica Cobre Fuente: Bolsa de [&hellip;]\" \/>\n<meta property=\"og:url\" content=\"https:\/\/amvsa.com\/web\/indicadores\" \/>\n<meta property=\"og:site_name\" content=\"AMV Ingenier\u00eda conectada al progreso\" \/>\n<meta property=\"article:publisher\" content=\"https:\/\/www.facebook.com\/amvingenieria\/\" \/>\n<meta property=\"article:modified_time\" content=\"2025-02-17T03:09:02+00:00\" \/>\n<meta name=\"twitter:card\" content=\"summary_large_image\" \/>\n<meta name=\"twitter:site\" content=\"@amvingenieria\" \/>\n<meta name=\"twitter:label1\" content=\"Tiempo de lectura\" \/>\n\t<meta name=\"twitter:data1\" content=\"1 minuto\" \/>\n<script type=\"application\/ld+json\" class=\"yoast-schema-graph\">{\"@context\":\"https:\/\/schema.org\",\"@graph\":[{\"@type\":\"WebPage\",\"@id\":\"https:\/\/amvsa.com\/web\/indicadores\",\"url\":\"https:\/\/amvsa.com\/web\/indicadores\",\"name\":\"Indicadores - AMV Ingenier\u00eda conectada al progreso\",\"isPartOf\":{\"@id\":\"https:\/\/amvsa.com\/web\/#website\"},\"datePublished\":\"2024-11-08T23:34:32+00:00\",\"dateModified\":\"2025-02-17T03:09:02+00:00\",\"breadcrumb\":{\"@id\":\"https:\/\/amvsa.com\/web\/indicadores#breadcrumb\"},\"inLanguage\":\"es-CO\",\"potentialAction\":[{\"@type\":\"ReadAction\",\"target\":[\"https:\/\/amvsa.com\/web\/indicadores\"]}]},{\"@type\":\"BreadcrumbList\",\"@id\":\"https:\/\/amvsa.com\/web\/indicadores#breadcrumb\",\"itemListElement\":[{\"@type\":\"ListItem\",\"position\":1,\"name\":\"Inicio\",\"item\":\"https:\/\/amvsa.com\/web\/\"},{\"@type\":\"ListItem\",\"position\":2,\"name\":\"Indicadores\"}]},{\"@type\":\"WebSite\",\"@id\":\"https:\/\/amvsa.com\/web\/#website\",\"url\":\"https:\/\/amvsa.com\/web\/\",\"name\":\"AMV Ingenier\u00eda\",\"description\":\"AMV\",\"publisher\":{\"@id\":\"https:\/\/amvsa.com\/web\/#organization\"},\"potentialAction\":[{\"@type\":\"SearchAction\",\"target\":{\"@type\":\"EntryPoint\",\"urlTemplate\":\"https:\/\/amvsa.com\/web\/?s={search_term_string}\"},\"query-input\":{\"@type\":\"PropertyValueSpecification\",\"valueRequired\":true,\"valueName\":\"search_term_string\"}}],\"inLanguage\":\"es-CO\"},{\"@type\":\"Organization\",\"@id\":\"https:\/\/amvsa.com\/web\/#organization\",\"name\":\"AMV Ingenier\u00eda\",\"alternateName\":\"AMV\",\"url\":\"https:\/\/amvsa.com\/web\/\",\"logo\":{\"@type\":\"ImageObject\",\"inLanguage\":\"es-CO\",\"@id\":\"https:\/\/amvsa.com\/web\/#\/schema\/logo\/image\/\",\"url\":\"https:\/\/amvsa.com\/web\/wp-content\/uploads\/2024\/10\/Logo-AMV-web.png\",\"contentUrl\":\"https:\/\/amvsa.com\/web\/wp-content\/uploads\/2024\/10\/Logo-AMV-web.png\",\"width\":141,\"height\":72,\"caption\":\"AMV Ingenier\u00eda\"},\"image\":{\"@id\":\"https:\/\/amvsa.com\/web\/#\/schema\/logo\/image\/\"},\"sameAs\":[\"https:\/\/www.facebook.com\/amvingenieria\/\",\"https:\/\/x.com\/amvingenieria\",\"https:\/\/www.instagram.com\/amvingenieria\/\",\"https:\/\/www.youtube.com\/channel\/UCgt7Zy6adCAF0aDc7wJykqw\",\"https:\/\/www.linkedin.com\/company\/amvingenieria\/\"]}]}<\/script>\n<!-- \/ Yoast SEO plugin. -->","yoast_head_json":{"title":"Indicadores - AMV Ingenier\u00eda conectada al progreso","robots":{"index":"index","follow":"follow","max-snippet":"max-snippet:-1","max-image-preview":"max-image-preview:large","max-video-preview":"max-video-preview:-1"},"canonical":"https:\/\/amvsa.com\/web\/indicadores","og_locale":"es_ES","og_type":"article","og_title":"Indicadores - AMV Ingenier\u00eda conectada al progreso","og_description":"INDICADORES&nbsp;ECON\u00d3MICOS Indicadores econ\u00f3micos al alcance de tu mano Descubre los indicadores econ\u00f3micos m\u00e1s relevantes, actualizados y claros para entender el pulso del mercado de la construcci\u00f3n. \u00a1Transforma datos en decisiones inteligentes! Fuente: Superfinanciera D\u00f3lar Americano Fuente: Diario La Rep\u00fablica Indicadores econ\u00f3micos Fuente: DANE Indicadores de la construcci\u00f3n Fuente: Diario La Rep\u00fablica Cobre Fuente: Bolsa de [&hellip;]","og_url":"https:\/\/amvsa.com\/web\/indicadores","og_site_name":"AMV Ingenier\u00eda conectada al progreso","article_publisher":"https:\/\/www.facebook.com\/amvingenieria\/","article_modified_time":"2025-02-17T03:09:02+00:00","twitter_card":"summary_large_image","twitter_site":"@amvingenieria","twitter_misc":{"Tiempo de lectura":"1 minuto"},"schema":{"@context":"https:\/\/schema.org","@graph":[{"@type":"WebPage","@id":"https:\/\/amvsa.com\/web\/indicadores","url":"https:\/\/amvsa.com\/web\/indicadores","name":"Indicadores - AMV Ingenier\u00eda conectada al progreso","isPartOf":{"@id":"https:\/\/amvsa.com\/web\/#website"},"datePublished":"2024-11-08T23:34:32+00:00","dateModified":"2025-02-17T03:09:02+00:00","breadcrumb":{"@id":"https:\/\/amvsa.com\/web\/indicadores#breadcrumb"},"inLanguage":"es-CO","potentialAction":[{"@type":"ReadAction","target":["https:\/\/amvsa.com\/web\/indicadores"]}]},{"@type":"BreadcrumbList","@id":"https:\/\/amvsa.com\/web\/indicadores#breadcrumb","itemListElement":[{"@type":"ListItem","position":1,"name":"Inicio","item":"https:\/\/amvsa.com\/web\/"},{"@type":"ListItem","position":2,"name":"Indicadores"}]},{"@type":"WebSite","@id":"https:\/\/amvsa.com\/web\/#website","url":"https:\/\/amvsa.com\/web\/","name":"AMV Ingenier\u00eda","description":"AMV","publisher":{"@id":"https:\/\/amvsa.com\/web\/#organization"},"potentialAction":[{"@type":"SearchAction","target":{"@type":"EntryPoint","urlTemplate":"https:\/\/amvsa.com\/web\/?s={search_term_string}"},"query-input":{"@type":"PropertyValueSpecification","valueRequired":true,"valueName":"search_term_string"}}],"inLanguage":"es-CO"},{"@type":"Organization","@id":"https:\/\/amvsa.com\/web\/#organization","name":"AMV Ingenier\u00eda","alternateName":"AMV","url":"https:\/\/amvsa.com\/web\/","logo":{"@type":"ImageObject","inLanguage":"es-CO","@id":"https:\/\/amvsa.com\/web\/#\/schema\/logo\/image\/","url":"https:\/\/amvsa.com\/web\/wp-content\/uploads\/2024\/10\/Logo-AMV-web.png","contentUrl":"https:\/\/amvsa.com\/web\/wp-content\/uploads\/2024\/10\/Logo-AMV-web.png","width":141,"height":72,"caption":"AMV Ingenier\u00eda"},"image":{"@id":"https:\/\/amvsa.com\/web\/#\/schema\/logo\/image\/"},"sameAs":["https:\/\/www.facebook.com\/amvingenieria\/","https:\/\/x.com\/amvingenieria","https:\/\/www.instagram.com\/amvingenieria\/","https:\/\/www.youtube.com\/channel\/UCgt7Zy6adCAF0aDc7wJykqw","https:\/\/www.linkedin.com\/company\/amvingenieria\/"]}]}},"_links":{"self":[{"href":"https:\/\/amvsa.com\/web\/wp-json\/wp\/v2\/pages\/627","targetHints":{"allow":["GET"]}}],"collection":[{"href":"https:\/\/amvsa.com\/web\/wp-json\/wp\/v2\/pages"}],"about":[{"href":"https:\/\/amvsa.com\/web\/wp-json\/wp\/v2\/types\/page"}],"author":[{"embeddable":true,"href":"https:\/\/amvsa.com\/web\/wp-json\/wp\/v2\/users\/1"}],"replies":[{"embeddable":true,"href":"https:\/\/amvsa.com\/web\/wp-json\/wp\/v2\/comments?post=627"}],"version-history":[{"count":46,"href":"https:\/\/amvsa.com\/web\/wp-json\/wp\/v2\/pages\/627\/revisions"}],"predecessor-version":[{"id":2114,"href":"https:\/\/amvsa.com\/web\/wp-json\/wp\/v2\/pages\/627\/revisions\/2114"}],"wp:attachment":[{"href":"https:\/\/amvsa.com\/web\/wp-json\/wp\/v2\/media?parent=627"}],"curies":[{"name":"wp","href":"https:\/\/api.w.org\/{rel}","templated":true}]}}