{"id":717,"date":"2024-11-08T20:17:27","date_gmt":"2024-11-09T01:17:27","guid":{"rendered":"https:\/\/amvsa.com\/web\/?page_id=717"},"modified":"2025-01-13T10:45:12","modified_gmt":"2025-01-13T15:45:12","slug":"proveedores","status":"publish","type":"page","link":"https:\/\/amvsa.com\/web\/proveedores","title":{"rendered":"Proveedores"},"content":{"rendered":"\t\t<div data-elementor-type=\"wp-page\" data-elementor-id=\"717\" class=\"elementor elementor-717\" data-elementor-post-type=\"page\">\n\t\t\t\t<div class=\"elementor-element elementor-element-1890e950 animated-slow e-flex e-con-boxed elementor-invisible e-con e-parent\" data-id=\"1890e950\" data-element_type=\"container\" data-settings=\"{&quot;background_background&quot;:&quot;slideshow&quot;,&quot;jet_parallax_layout_list&quot;:[],&quot;animation&quot;:&quot;slideInDown&quot;,&quot;animation_delay&quot;:200,&quot;background_slideshow_gallery&quot;:[],&quot;background_slideshow_loop&quot;:&quot;yes&quot;,&quot;background_slideshow_slide_duration&quot;:5000,&quot;background_slideshow_slide_transition&quot;:&quot;fade&quot;,&quot;background_slideshow_transition_duration&quot;:500}\">\n\t\t\t\t\t<div class=\"e-con-inner\">\n\t\t<div class=\"elementor-element elementor-element-30bc524d e-con-full e-flex e-con e-child\" data-id=\"30bc524d\" data-element_type=\"container\" data-settings=\"{&quot;background_background&quot;:&quot;slideshow&quot;,&quot;background_slideshow_gallery&quot;:[{&quot;id&quot;:1496,&quot;url&quot;:&quot;https:\\\/\\\/amvsa.com\\\/web\\\/wp-content\\\/uploads\\\/2024\\\/12\\\/Banner-Proveedores.png&quot;}],&quot;jet_parallax_layout_list&quot;:[],&quot;background_slideshow_loop&quot;:&quot;yes&quot;,&quot;background_slideshow_slide_duration&quot;:5000,&quot;background_slideshow_slide_transition&quot;:&quot;fade&quot;,&quot;background_slideshow_transition_duration&quot;:500}\">\n\t\t\t\t<div class=\"elementor-element elementor-element-772ccfd6 elementor-widget elementor-widget-jet-headline\" data-id=\"772ccfd6\" data-element_type=\"widget\" data-widget_type=\"jet-headline.default\">\n\t\t\t\t<div class=\"elementor-widget-container\">\n\t\t\t\t\t<h1 class=\"jet-headline jet-headline--direction-horizontal\"><span class=\"jet-headline__part jet-headline__first\"><span class=\"jet-headline__label\">PROVEEDORES<\/span><\/span><span class=\"jet-headline__space\">&nbsp;<\/span><span class=\"jet-headline__part jet-headline__second\"><span class=\"jet-headline__label\">AMV<\/span><\/span><\/h1>\t\t\t\t<\/div>\n\t\t\t\t<\/div>\n\t\t\t\t<\/div>\n\t\t\t\t\t<\/div>\n\t\t\t\t<\/div>\n\t\t<div class=\"elementor-element elementor-element-58bdd2c6 animated-slow elementor-hidden-mobile e-flex e-con-boxed elementor-invisible e-con e-parent\" data-id=\"58bdd2c6\" data-element_type=\"container\" data-settings=\"{&quot;jet_parallax_layout_list&quot;:[],&quot;background_background&quot;:&quot;classic&quot;,&quot;animation&quot;:&quot;slideInDown&quot;}\">\n\t\t\t\t\t<div class=\"e-con-inner\">\n\t\t<div class=\"elementor-element elementor-element-48d821cf e-con-full e-flex e-con e-child\" data-id=\"48d821cf\" data-element_type=\"container\" data-settings=\"{&quot;jet_parallax_layout_list&quot;:[]}\">\n\t\t\t\t<div class=\"elementor-element elementor-element-33540448 elementor-widget elementor-widget-breadcrumbs\" data-id=\"33540448\" data-element_type=\"widget\" data-widget_type=\"breadcrumbs.default\">\n\t\t\t\t<div class=\"elementor-widget-container\">\n\t\t\t\t\t<nav id=\"breadcrumbs\"><span><span><a href=\"https:\/\/amvsa.com\/web\/\">Inicio<\/a><\/span><\/span><\/nav>\t\t\t\t<\/div>\n\t\t\t\t<\/div>\n\t\t\t\t<\/div>\n\t\t\t\t\t<\/div>\n\t\t\t\t<\/div>\n\t\t<div class=\"elementor-element elementor-element-1f551ede animated-slow e-flex e-con-boxed elementor-invisible e-con e-parent\" data-id=\"1f551ede\" data-element_type=\"container\" data-settings=\"{&quot;jet_parallax_layout_list&quot;:[],&quot;animation&quot;:&quot;slideInDown&quot;,&quot;animation_delay&quot;:1400,&quot;background_background&quot;:&quot;classic&quot;}\">\n\t\t\t\t\t<div class=\"e-con-inner\">\n\t\t<div class=\"elementor-element elementor-element-3f222441 e-con-full e-flex e-con e-child\" data-id=\"3f222441\" data-element_type=\"container\" data-settings=\"{&quot;background_background&quot;:&quot;classic&quot;,&quot;jet_parallax_layout_list&quot;:[]}\">\n\t\t\t\t<div class=\"elementor-element elementor-element-58bc5e75 elementor-widget elementor-widget-heading\" data-id=\"58bc5e75\" data-element_type=\"widget\" data-widget_type=\"heading.default\">\n\t\t\t\t<div class=\"elementor-widget-container\">\n\t\t\t\t\t<h2 class=\"elementor-heading-title elementor-size-default\">VINCULACI\u00d3N DE<\/h2>\t\t\t\t<\/div>\n\t\t\t\t<\/div>\n\t\t\t\t<div class=\"elementor-element elementor-element-7241c490 elementor-widget elementor-widget-heading\" data-id=\"7241c490\" data-element_type=\"widget\" data-widget_type=\"heading.default\">\n\t\t\t\t<div class=\"elementor-widget-container\">\n\t\t\t\t\t<h2 class=\"elementor-heading-title elementor-size-default\">PROVEEDORES<\/h2>\t\t\t\t<\/div>\n\t\t\t\t<\/div>\n\t\t\t\t<div class=\"elementor-element elementor-element-5267b705 elementor-widget elementor-widget-text-editor\" data-id=\"5267b705\" data-element_type=\"widget\" data-widget_type=\"text-editor.default\">\n\t\t\t\t<div class=\"elementor-widget-container\">\n\t\t\t\t\t\t\t\t\t<p>Si quiere ser parte de nuestros proveedores activos de materiales y servicios adjunte la siguiente informaci\u00f3n al correo info@amvsa.com, con el asunto &#8221; Nuevo proveedor&#8221;:<\/p>\t\t\t\t\t\t\t\t<\/div>\n\t\t\t\t<\/div>\n\t\t\t\t<div class=\"elementor-element elementor-element-5952a7c elementor-icon-list--layout-traditional elementor-list-item-link-full_width elementor-widget elementor-widget-icon-list\" data-id=\"5952a7c\" data-element_type=\"widget\" data-widget_type=\"icon-list.default\">\n\t\t\t\t<div class=\"elementor-widget-container\">\n\t\t\t\t\t\t\t<ul class=\"elementor-icon-list-items\">\n\t\t\t\t\t\t\t<li class=\"elementor-icon-list-item\">\n\t\t\t\t\t\t\t\t\t\t\t<span class=\"elementor-icon-list-icon\">\n\t\t\t\t\t\t\t<svg aria-hidden=\"true\" class=\"e-font-icon-svg e-fas-chevron-right\" viewBox=\"0 0 320 512\" xmlns=\"http:\/\/www.w3.org\/2000\/svg\"><path d=\"M285.476 272.971L91.132 467.314c-9.373 9.373-24.569 9.373-33.941 0l-22.667-22.667c-9.357-9.357-9.375-24.522-.04-33.901L188.505 256 34.484 101.255c-9.335-9.379-9.317-24.544.04-33.901l22.667-22.667c9.373-9.373 24.569-9.373 33.941 0L285.475 239.03c9.373 9.372 9.373 24.568.001 33.941z\"><\/path><\/svg>\t\t\t\t\t\t<\/span>\n\t\t\t\t\t\t\t\t\t\t<span class=\"elementor-icon-list-text\">C\u00e1mara de Comercio<\/span>\n\t\t\t\t\t\t\t\t\t<\/li>\n\t\t\t\t\t\t<\/ul>\n\t\t\t\t\t\t<\/div>\n\t\t\t\t<\/div>\n\t\t\t\t<div class=\"elementor-element elementor-element-e858d10 elementor-icon-list--layout-traditional elementor-list-item-link-full_width elementor-widget elementor-widget-icon-list\" data-id=\"e858d10\" data-element_type=\"widget\" data-widget_type=\"icon-list.default\">\n\t\t\t\t<div class=\"elementor-widget-container\">\n\t\t\t\t\t\t\t<ul class=\"elementor-icon-list-items\">\n\t\t\t\t\t\t\t<li class=\"elementor-icon-list-item\">\n\t\t\t\t\t\t\t\t\t\t\t<span class=\"elementor-icon-list-icon\">\n\t\t\t\t\t\t\t<svg aria-hidden=\"true\" class=\"e-font-icon-svg e-fas-chevron-right\" viewBox=\"0 0 320 512\" xmlns=\"http:\/\/www.w3.org\/2000\/svg\"><path d=\"M285.476 272.971L91.132 467.314c-9.373 9.373-24.569 9.373-33.941 0l-22.667-22.667c-9.357-9.357-9.375-24.522-.04-33.901L188.505 256 34.484 101.255c-9.335-9.379-9.317-24.544.04-33.901l22.667-22.667c9.373-9.373 24.569-9.373 33.941 0L285.475 239.03c9.373 9.372 9.373 24.568.001 33.941z\"><\/path><\/svg>\t\t\t\t\t\t<\/span>\n\t\t\t\t\t\t\t\t\t\t<span class=\"elementor-icon-list-text\">Registro \u00danico Tributario - RUT<\/span>\n\t\t\t\t\t\t\t\t\t<\/li>\n\t\t\t\t\t\t<\/ul>\n\t\t\t\t\t\t<\/div>\n\t\t\t\t<\/div>\n\t\t\t\t<div class=\"elementor-element elementor-element-de4b120 elementor-icon-list--layout-traditional elementor-list-item-link-full_width elementor-widget elementor-widget-icon-list\" data-id=\"de4b120\" data-element_type=\"widget\" data-widget_type=\"icon-list.default\">\n\t\t\t\t<div class=\"elementor-widget-container\">\n\t\t\t\t\t\t\t<ul class=\"elementor-icon-list-items\">\n\t\t\t\t\t\t\t<li class=\"elementor-icon-list-item\">\n\t\t\t\t\t\t\t\t\t\t\t<span class=\"elementor-icon-list-icon\">\n\t\t\t\t\t\t\t<svg aria-hidden=\"true\" class=\"e-font-icon-svg e-fas-chevron-right\" viewBox=\"0 0 320 512\" xmlns=\"http:\/\/www.w3.org\/2000\/svg\"><path d=\"M285.476 272.971L91.132 467.314c-9.373 9.373-24.569 9.373-33.941 0l-22.667-22.667c-9.357-9.357-9.375-24.522-.04-33.901L188.505 256 34.484 101.255c-9.335-9.379-9.317-24.544.04-33.901l22.667-22.667c9.373-9.373 24.569-9.373 33.941 0L285.475 239.03c9.373 9.372 9.373 24.568.001 33.941z\"><\/path><\/svg>\t\t\t\t\t\t<\/span>\n\t\t\t\t\t\t\t\t\t\t<span class=\"elementor-icon-list-text\">Certificado Cuenta Bancaria<\/span>\n\t\t\t\t\t\t\t\t\t<\/li>\n\t\t\t\t\t\t<\/ul>\n\t\t\t\t\t\t<\/div>\n\t\t\t\t<\/div>\n\t\t\t\t<div class=\"elementor-element elementor-element-934a1b0 elementor-icon-list--layout-traditional elementor-list-item-link-full_width elementor-widget elementor-widget-icon-list\" data-id=\"934a1b0\" data-element_type=\"widget\" data-widget_type=\"icon-list.default\">\n\t\t\t\t<div class=\"elementor-widget-container\">\n\t\t\t\t\t\t\t<ul class=\"elementor-icon-list-items\">\n\t\t\t\t\t\t\t<li class=\"elementor-icon-list-item\">\n\t\t\t\t\t\t\t\t\t\t\t<span class=\"elementor-icon-list-icon\">\n\t\t\t\t\t\t\t<svg aria-hidden=\"true\" class=\"e-font-icon-svg e-fas-chevron-right\" viewBox=\"0 0 320 512\" xmlns=\"http:\/\/www.w3.org\/2000\/svg\"><path d=\"M285.476 272.971L91.132 467.314c-9.373 9.373-24.569 9.373-33.941 0l-22.667-22.667c-9.357-9.357-9.375-24.522-.04-33.901L188.505 256 34.484 101.255c-9.335-9.379-9.317-24.544.04-33.901l22.667-22.667c9.373-9.373 24.569-9.373 33.941 0L285.475 239.03c9.373 9.372 9.373 24.568.001 33.941z\"><\/path><\/svg>\t\t\t\t\t\t<\/span>\n\t\t\t\t\t\t\t\t\t\t<span class=\"elementor-icon-list-text\">C\u00e9dula del Representante legal al (150%) en formato PDF<\/span>\n\t\t\t\t\t\t\t\t\t<\/li>\n\t\t\t\t\t\t<\/ul>\n\t\t\t\t\t\t<\/div>\n\t\t\t\t<\/div>\n\t\t\t\t<\/div>\n\t\t<div class=\"elementor-element elementor-element-7116599a e-con-full e-flex e-con e-child\" data-id=\"7116599a\" data-element_type=\"container\" data-settings=\"{&quot;background_background&quot;:&quot;classic&quot;,&quot;jet_parallax_layout_list&quot;:[]}\">\n\t\t\t\t<div class=\"elementor-element elementor-element-e6a1b38 elementor-arrows-position-inside elementor-pagination-position-outside elementor-widget elementor-widget-image-carousel\" data-id=\"e6a1b38\" data-element_type=\"widget\" data-settings=\"{&quot;slides_to_show&quot;:&quot;1&quot;,&quot;navigation&quot;:&quot;both&quot;,&quot;autoplay&quot;:&quot;yes&quot;,&quot;pause_on_hover&quot;:&quot;yes&quot;,&quot;pause_on_interaction&quot;:&quot;yes&quot;,&quot;autoplay_speed&quot;:5000,&quot;infinite&quot;:&quot;yes&quot;,&quot;effect&quot;:&quot;slide&quot;,&quot;speed&quot;:500}\" data-widget_type=\"image-carousel.default\">\n\t\t\t\t<div class=\"elementor-widget-container\">\n\t\t\t\t\t\t\t<div class=\"elementor-image-carousel-wrapper swiper\" role=\"region\" aria-roledescription=\"carousel\" aria-label=\"Carrusel de im\u00e1genes\" dir=\"ltr\">\n\t\t\t<div class=\"elementor-image-carousel swiper-wrapper\" aria-live=\"off\">\n\t\t\t\t\t\t\t\t<div class=\"swiper-slide\" role=\"group\" aria-roledescription=\"slide\" aria-label=\"1 of 3\"><figure class=\"swiper-slide-inner\"><img decoding=\"async\" class=\"swiper-slide-image\" src=\"https:\/\/amvsa.com\/web\/wp-content\/uploads\/elementor\/thumbs\/Climatizacion-3-qy21wg24xigt1lwhpwnkyce15187xniiody867buhc.png\" alt=\"Climatizaci\u00f3n 3\" \/><\/figure><\/div><div class=\"swiper-slide\" role=\"group\" aria-roledescription=\"slide\" aria-label=\"2 of 3\"><figure class=\"swiper-slide-inner\"><img decoding=\"async\" class=\"swiper-slide-image\" src=\"https:\/\/amvsa.com\/web\/wp-content\/uploads\/elementor\/thumbs\/Climatizacion-1-qy21we6gjue8edz80vubtcv3y9hhi9b204n97nemts.png\" alt=\"Climatizaci\u00f3n 1\" \/><\/figure><\/div><div class=\"swiper-slide\" role=\"group\" aria-roledescription=\"slide\" aria-label=\"3 of 3\"><figure class=\"swiper-slide-inner\"><img decoding=\"async\" class=\"swiper-slide-image\" src=\"https:\/\/amvsa.com\/web\/wp-content\/uploads\/elementor\/thumbs\/Climatizacion-2-qy21wf4aqofipzxuve8ydumkjncupyesc9aqoxd8nk.png\" alt=\"Climatizaci\u00f3n 2\" \/><\/figure><\/div>\t\t\t<\/div>\n\t\t\t\t\t\t\t\t\t\t\t\t<div class=\"elementor-swiper-button elementor-swiper-button-prev\" role=\"button\" tabindex=\"0\">\n\t\t\t\t\t\t<svg aria-hidden=\"true\" class=\"e-font-icon-svg e-eicon-chevron-left\" viewBox=\"0 0 1000 1000\" xmlns=\"http:\/\/www.w3.org\/2000\/svg\"><path d=\"M646 125C629 125 613 133 604 142L308 442C296 454 292 471 292 487 292 504 296 521 308 533L604 854C617 867 629 875 646 875 663 875 679 871 692 858 704 846 713 829 713 812 713 796 708 779 692 767L438 487 692 225C700 217 708 204 708 187 708 171 704 154 692 142 675 129 663 125 646 125Z\"><\/path><\/svg>\t\t\t\t\t<\/div>\n\t\t\t\t\t<div class=\"elementor-swiper-button elementor-swiper-button-next\" role=\"button\" tabindex=\"0\">\n\t\t\t\t\t\t<svg aria-hidden=\"true\" class=\"e-font-icon-svg e-eicon-chevron-right\" viewBox=\"0 0 1000 1000\" xmlns=\"http:\/\/www.w3.org\/2000\/svg\"><path d=\"M696 533C708 521 713 504 713 487 713 471 708 454 696 446L400 146C388 133 375 125 354 125 338 125 325 129 313 142 300 154 292 171 292 187 292 204 296 221 308 233L563 492 304 771C292 783 288 800 288 817 288 833 296 850 308 863 321 871 338 875 354 875 371 875 388 867 400 854L696 533Z\"><\/path><\/svg>\t\t\t\t\t<\/div>\n\t\t\t\t\n\t\t\t\t\t\t\t\t\t<div class=\"swiper-pagination\"><\/div>\n\t\t\t\t\t\t\t\t\t<\/div>\n\t\t\t\t\t\t<\/div>\n\t\t\t\t<\/div>\n\t\t\t\t<\/div>\n\t\t\t\t\t<\/div>\n\t\t\t\t<\/div>\n\t\t\t\t<\/div>\n\t\t","protected":false},"excerpt":{"rendered":"<p>PROVEEDORES&nbsp;AMV VINCULACI\u00d3N DE PROVEEDORES Si quiere ser parte de nuestros proveedores activos de materiales y servicios adjunte la siguiente informaci\u00f3n al correo info@amvsa.com, con el asunto &#8221; Nuevo proveedor&#8221;: C\u00e1mara de Comercio Registro \u00danico Tributario &#8211; RUT Certificado Cuenta Bancaria C\u00e9dula del Representante legal al (150%) en formato PDF<\/p>\n","protected":false},"author":1,"featured_media":0,"parent":0,"menu_order":0,"comment_status":"closed","ping_status":"closed","template":"","meta":{"footnotes":""},"class_list":["post-717","page","type-page","status-publish","hentry"],"yoast_head":"<!-- This site is optimized with the Yoast SEO plugin v26.5 - https:\/\/yoast.com\/wordpress\/plugins\/seo\/ -->\n<title>Proveedores - AMV Ingenier\u00eda conectada al progreso<\/title>\n<meta name=\"robots\" content=\"index, follow, max-snippet:-1, max-image-preview:large, max-video-preview:-1\" \/>\n<link rel=\"canonical\" href=\"https:\/\/amvsa.com\/web\/proveedores\" \/>\n<meta property=\"og:locale\" content=\"es_ES\" \/>\n<meta property=\"og:type\" content=\"article\" \/>\n<meta property=\"og:title\" content=\"Proveedores - AMV Ingenier\u00eda conectada al progreso\" \/>\n<meta property=\"og:description\" content=\"PROVEEDORES&nbsp;AMV VINCULACI\u00d3N DE PROVEEDORES Si quiere ser parte de nuestros proveedores activos de materiales y servicios adjunte la siguiente informaci\u00f3n al correo info@amvsa.com, con el asunto &#8221; Nuevo proveedor&#8221;: C\u00e1mara de Comercio Registro \u00danico Tributario &#8211; RUT Certificado Cuenta Bancaria C\u00e9dula del Representante legal al (150%) en formato PDF\" \/>\n<meta property=\"og:url\" content=\"https:\/\/amvsa.com\/web\/proveedores\" \/>\n<meta property=\"og:site_name\" content=\"AMV Ingenier\u00eda conectada al progreso\" \/>\n<meta property=\"article:publisher\" content=\"https:\/\/www.facebook.com\/amvingenieria\/\" \/>\n<meta property=\"article:modified_time\" content=\"2025-01-13T15:45:12+00:00\" \/>\n<meta property=\"og:image\" content=\"https:\/\/amvsa.com\/web\/wp-content\/uploads\/2024\/12\/Climatizacion-3-150x150.png\" \/>\n<meta name=\"twitter:card\" content=\"summary_large_image\" \/>\n<meta name=\"twitter:site\" content=\"@amvingenieria\" \/>\n<meta name=\"twitter:label1\" content=\"Tiempo de lectura\" \/>\n\t<meta name=\"twitter:data1\" content=\"2 minutos\" \/>\n<script type=\"application\/ld+json\" class=\"yoast-schema-graph\">{\"@context\":\"https:\/\/schema.org\",\"@graph\":[{\"@type\":\"WebPage\",\"@id\":\"https:\/\/amvsa.com\/web\/proveedores\",\"url\":\"https:\/\/amvsa.com\/web\/proveedores\",\"name\":\"Proveedores - AMV Ingenier\u00eda conectada al progreso\",\"isPartOf\":{\"@id\":\"https:\/\/amvsa.com\/web\/#website\"},\"primaryImageOfPage\":{\"@id\":\"https:\/\/amvsa.com\/web\/proveedores#primaryimage\"},\"image\":{\"@id\":\"https:\/\/amvsa.com\/web\/proveedores#primaryimage\"},\"thumbnailUrl\":\"https:\/\/amvsa.com\/web\/wp-content\/uploads\/2024\/12\/Climatizacion-3-150x150.png\",\"datePublished\":\"2024-11-09T01:17:27+00:00\",\"dateModified\":\"2025-01-13T15:45:12+00:00\",\"breadcrumb\":{\"@id\":\"https:\/\/amvsa.com\/web\/proveedores#breadcrumb\"},\"inLanguage\":\"es-CO\",\"potentialAction\":[{\"@type\":\"ReadAction\",\"target\":[\"https:\/\/amvsa.com\/web\/proveedores\"]}]},{\"@type\":\"ImageObject\",\"inLanguage\":\"es-CO\",\"@id\":\"https:\/\/amvsa.com\/web\/proveedores#primaryimage\",\"url\":\"https:\/\/amvsa.com\/web\/wp-content\/uploads\/2024\/12\/Climatizacion-3.png\",\"contentUrl\":\"https:\/\/amvsa.com\/web\/wp-content\/uploads\/2024\/12\/Climatizacion-3.png\",\"width\":641,\"height\":361},{\"@type\":\"BreadcrumbList\",\"@id\":\"https:\/\/amvsa.com\/web\/proveedores#breadcrumb\",\"itemListElement\":[{\"@type\":\"ListItem\",\"position\":1,\"name\":\"Inicio\",\"item\":\"https:\/\/amvsa.com\/web\/\"},{\"@type\":\"ListItem\",\"position\":2,\"name\":\"Proveedores\"}]},{\"@type\":\"WebSite\",\"@id\":\"https:\/\/amvsa.com\/web\/#website\",\"url\":\"https:\/\/amvsa.com\/web\/\",\"name\":\"AMV Ingenier\u00eda\",\"description\":\"AMV\",\"publisher\":{\"@id\":\"https:\/\/amvsa.com\/web\/#organization\"},\"potentialAction\":[{\"@type\":\"SearchAction\",\"target\":{\"@type\":\"EntryPoint\",\"urlTemplate\":\"https:\/\/amvsa.com\/web\/?s={search_term_string}\"},\"query-input\":{\"@type\":\"PropertyValueSpecification\",\"valueRequired\":true,\"valueName\":\"search_term_string\"}}],\"inLanguage\":\"es-CO\"},{\"@type\":\"Organization\",\"@id\":\"https:\/\/amvsa.com\/web\/#organization\",\"name\":\"AMV Ingenier\u00eda\",\"alternateName\":\"AMV\",\"url\":\"https:\/\/amvsa.com\/web\/\",\"logo\":{\"@type\":\"ImageObject\",\"inLanguage\":\"es-CO\",\"@id\":\"https:\/\/amvsa.com\/web\/#\/schema\/logo\/image\/\",\"url\":\"https:\/\/amvsa.com\/web\/wp-content\/uploads\/2024\/10\/Logo-AMV-web.png\",\"contentUrl\":\"https:\/\/amvsa.com\/web\/wp-content\/uploads\/2024\/10\/Logo-AMV-web.png\",\"width\":141,\"height\":72,\"caption\":\"AMV Ingenier\u00eda\"},\"image\":{\"@id\":\"https:\/\/amvsa.com\/web\/#\/schema\/logo\/image\/\"},\"sameAs\":[\"https:\/\/www.facebook.com\/amvingenieria\/\",\"https:\/\/x.com\/amvingenieria\",\"https:\/\/www.instagram.com\/amvingenieria\/\",\"https:\/\/www.youtube.com\/channel\/UCgt7Zy6adCAF0aDc7wJykqw\",\"https:\/\/www.linkedin.com\/company\/amvingenieria\/\"]}]}<\/script>\n<!-- \/ Yoast SEO plugin. -->","yoast_head_json":{"title":"Proveedores - AMV Ingenier\u00eda conectada al progreso","robots":{"index":"index","follow":"follow","max-snippet":"max-snippet:-1","max-image-preview":"max-image-preview:large","max-video-preview":"max-video-preview:-1"},"canonical":"https:\/\/amvsa.com\/web\/proveedores","og_locale":"es_ES","og_type":"article","og_title":"Proveedores - AMV Ingenier\u00eda conectada al progreso","og_description":"PROVEEDORES&nbsp;AMV VINCULACI\u00d3N DE PROVEEDORES Si quiere ser parte de nuestros proveedores activos de materiales y servicios adjunte la siguiente informaci\u00f3n al correo info@amvsa.com, con el asunto &#8221; Nuevo proveedor&#8221;: C\u00e1mara de Comercio Registro \u00danico Tributario &#8211; RUT Certificado Cuenta Bancaria C\u00e9dula del Representante legal al (150%) en formato PDF","og_url":"https:\/\/amvsa.com\/web\/proveedores","og_site_name":"AMV Ingenier\u00eda conectada al progreso","article_publisher":"https:\/\/www.facebook.com\/amvingenieria\/","article_modified_time":"2025-01-13T15:45:12+00:00","og_image":[{"url":"https:\/\/amvsa.com\/web\/wp-content\/uploads\/2024\/12\/Climatizacion-3-150x150.png","type":"","width":"","height":""}],"twitter_card":"summary_large_image","twitter_site":"@amvingenieria","twitter_misc":{"Tiempo de lectura":"2 minutos"},"schema":{"@context":"https:\/\/schema.org","@graph":[{"@type":"WebPage","@id":"https:\/\/amvsa.com\/web\/proveedores","url":"https:\/\/amvsa.com\/web\/proveedores","name":"Proveedores - AMV Ingenier\u00eda conectada al progreso","isPartOf":{"@id":"https:\/\/amvsa.com\/web\/#website"},"primaryImageOfPage":{"@id":"https:\/\/amvsa.com\/web\/proveedores#primaryimage"},"image":{"@id":"https:\/\/amvsa.com\/web\/proveedores#primaryimage"},"thumbnailUrl":"https:\/\/amvsa.com\/web\/wp-content\/uploads\/2024\/12\/Climatizacion-3-150x150.png","datePublished":"2024-11-09T01:17:27+00:00","dateModified":"2025-01-13T15:45:12+00:00","breadcrumb":{"@id":"https:\/\/amvsa.com\/web\/proveedores#breadcrumb"},"inLanguage":"es-CO","potentialAction":[{"@type":"ReadAction","target":["https:\/\/amvsa.com\/web\/proveedores"]}]},{"@type":"ImageObject","inLanguage":"es-CO","@id":"https:\/\/amvsa.com\/web\/proveedores#primaryimage","url":"https:\/\/amvsa.com\/web\/wp-content\/uploads\/2024\/12\/Climatizacion-3.png","contentUrl":"https:\/\/amvsa.com\/web\/wp-content\/uploads\/2024\/12\/Climatizacion-3.png","width":641,"height":361},{"@type":"BreadcrumbList","@id":"https:\/\/amvsa.com\/web\/proveedores#breadcrumb","itemListElement":[{"@type":"ListItem","position":1,"name":"Inicio","item":"https:\/\/amvsa.com\/web\/"},{"@type":"ListItem","position":2,"name":"Proveedores"}]},{"@type":"WebSite","@id":"https:\/\/amvsa.com\/web\/#website","url":"https:\/\/amvsa.com\/web\/","name":"AMV Ingenier\u00eda","description":"AMV","publisher":{"@id":"https:\/\/amvsa.com\/web\/#organization"},"potentialAction":[{"@type":"SearchAction","target":{"@type":"EntryPoint","urlTemplate":"https:\/\/amvsa.com\/web\/?s={search_term_string}"},"query-input":{"@type":"PropertyValueSpecification","valueRequired":true,"valueName":"search_term_string"}}],"inLanguage":"es-CO"},{"@type":"Organization","@id":"https:\/\/amvsa.com\/web\/#organization","name":"AMV Ingenier\u00eda","alternateName":"AMV","url":"https:\/\/amvsa.com\/web\/","logo":{"@type":"ImageObject","inLanguage":"es-CO","@id":"https:\/\/amvsa.com\/web\/#\/schema\/logo\/image\/","url":"https:\/\/amvsa.com\/web\/wp-content\/uploads\/2024\/10\/Logo-AMV-web.png","contentUrl":"https:\/\/amvsa.com\/web\/wp-content\/uploads\/2024\/10\/Logo-AMV-web.png","width":141,"height":72,"caption":"AMV Ingenier\u00eda"},"image":{"@id":"https:\/\/amvsa.com\/web\/#\/schema\/logo\/image\/"},"sameAs":["https:\/\/www.facebook.com\/amvingenieria\/","https:\/\/x.com\/amvingenieria","https:\/\/www.instagram.com\/amvingenieria\/","https:\/\/www.youtube.com\/channel\/UCgt7Zy6adCAF0aDc7wJykqw","https:\/\/www.linkedin.com\/company\/amvingenieria\/"]}]}},"_links":{"self":[{"href":"https:\/\/amvsa.com\/web\/wp-json\/wp\/v2\/pages\/717","targetHints":{"allow":["GET"]}}],"collection":[{"href":"https:\/\/amvsa.com\/web\/wp-json\/wp\/v2\/pages"}],"about":[{"href":"https:\/\/amvsa.com\/web\/wp-json\/wp\/v2\/types\/page"}],"author":[{"embeddable":true,"href":"https:\/\/amvsa.com\/web\/wp-json\/wp\/v2\/users\/1"}],"replies":[{"embeddable":true,"href":"https:\/\/amvsa.com\/web\/wp-json\/wp\/v2\/comments?post=717"}],"version-history":[{"count":16,"href":"https:\/\/amvsa.com\/web\/wp-json\/wp\/v2\/pages\/717\/revisions"}],"predecessor-version":[{"id":1537,"href":"https:\/\/amvsa.com\/web\/wp-json\/wp\/v2\/pages\/717\/revisions\/1537"}],"wp:attachment":[{"href":"https:\/\/amvsa.com\/web\/wp-json\/wp\/v2\/media?parent=717"}],"curies":[{"name":"wp","href":"https:\/\/api.w.org\/{rel}","templated":true}]}}